{"id":1159,"date":"2025-08-14T10:40:39","date_gmt":"2025-08-14T03:40:39","guid":{"rendered":"https:\/\/ubisasia.com\/?post_type=product&#038;p=1159"},"modified":"2025-10-14T13:54:18","modified_gmt":"2025-10-14T06:54:18","slug":"ubis-flexographic-ink-water-base","status":"publish","type":"product","link":"https:\/\/ubisasia.com\/es\/producto\/ubis-flexographic-ink-water-base\/","title":{"rendered":"UBIS FLEXO MAXI PP [Flexographic Ink Water Base]"},"content":{"rendered":"<div>\n<div>\n<div>\n<h3><strong>Tinta flexogr\u00e1fica<\/strong><\/h3>\n<p>UBIS desarrolla tinta flexogr\u00e1fica espec\u00edfica para envases alimentarios y la formula para que funcione a la perfecci\u00f3n en procesos de impresi\u00f3n de alta velocidad. Dise\u00f1amos la tinta para que sea precisa y eficaz, ofreciendo colores vivos y precisos que mejoran la visibilidad de la marca y el atractivo del producto. La dise\u00f1amos con excelentes propiedades de adherencia y secado r\u00e1pido para garantizar una producci\u00f3n fluida y sin interrupciones. Nuestra tinta funciona a la perfecci\u00f3n en una amplia gama de materiales de envasado, proporcionando versatilidad para diversas necesidades de impresi\u00f3n.<\/p>\n<p>Tambi\u00e9n damos prioridad a la seguridad y el cumplimiento de las normas, adem\u00e1s del rendimiento. Dise\u00f1amos cada lote para cumplir y superar las estrictas normas internacionales de seguridad alimentaria, garantizando que los envases impresos sigan siendo visualmente llamativos a la vez que seguros para el contacto directo con los alimentos. Al ofrecer una calidad de impresi\u00f3n uniforme, aumentar la eficiencia de la producci\u00f3n y mantener un atractivo visual duradero, la tinta flexogr\u00e1fica UBIS permite a las marcas de todo el mundo alcanzar la excelencia en el envasado, al tiempo que fomenta la confianza de los consumidores y satisface las cambiantes exigencias normativas.<\/p>\n<p>&nbsp;<\/p>\n<h3 style=\"text-align: center;\"><strong>TINTA DE IMPRESI\u00d3N LEXOGR\u00c1FICA<\/strong><\/h3>\n<div>\n<div>\n<div>\n<h3 style=\"text-align: center;\"><strong>BASE POLIACR\u00cdLICA<\/strong><\/h3>\n<\/div>\n<\/div>\n<\/div>\n<\/div>\n<\/div>\n<\/div>\n<div class=\"text-center\"><div class=\"is-divider divider clearfix\" style=\"margin-top:20px;margin-bottom:20px;max-width:100%;height:1px;background-color:rgb(0, 0, 0);\"><\/div><\/div>\n<div class=\"row row-divided\"  id=\"row-988513165\">\n\n\t<div id=\"col-645279505\" class=\"col medium-4 small-12 large-4\"  >\n\t\t\t\t<div class=\"col-inner\"  >\n\t\t\t\n\t\t\t\n<p><strong>SOLICITUD<\/strong><\/p>\n<ul>\n<li><span class=\"a_GcMg font-feature-liga-off font-feature-clig-off font-feature-calt-off text-decoration-none text-strikethrough-none\">Caja de papel ondulado<\/span><\/li>\n<li><span class=\"a_GcMg font-feature-liga-off font-feature-clig-off font-feature-calt-off text-decoration-none text-strikethrough-none\">Cart\u00f3n<\/span><\/li>\n<li><span class=\"a_GcMg font-feature-liga-off font-feature-clig-off font-feature-calt-off text-decoration-none text-strikethrough-none\">Bolsa de papel<\/span><\/li>\n<\/ul>\n\t\t<\/div>\n\t\t\t\t\t<\/div>\n\n\t\n\n\t<div id=\"col-1422974215\" class=\"col medium-4 small-12 large-4\"  >\n\t\t\t\t<div class=\"col-inner\"  >\n\t\t\t\n\t\t\t\n<p><strong>PROPIEDADES<\/strong><\/p>\n<ul>\n<li><span class=\"a_GcMg font-feature-liga-off font-feature-clig-off font-feature-calt-off text-decoration-none text-strikethrough-none\">Buena adherencia para el papel<\/span><\/li>\n<li><span class=\"a_GcMg font-feature-liga-off font-feature-clig-off font-feature-calt-off text-decoration-none text-strikethrough-none\">Buena resistencia al agua<\/span><\/li>\n<li><span class=\"a_GcMg font-feature-liga-off font-feature-clig-off font-feature-calt-off text-decoration-none text-strikethrough-none\">Buena consistencia<\/span><\/li>\n<li><span class=\"a_GcMg font-feature-liga-off font-feature-clig-off font-feature-calt-off text-decoration-none text-strikethrough-none\">Alta imprimibilidad<\/span><\/li>\n<\/ul>\n\t\t<\/div>\n\t\t\t\t\t<\/div>\n\n\t\n\n\t<div id=\"col-1435870039\" class=\"col medium-4 small-12 large-4\"  >\n\t\t\t\t<div class=\"col-inner\"  >\n\t\t\t\n\t\t\t\n\n\t<a class=\"plain\" href=\"https:\/\/ubisasia.com\/wp-content\/uploads\/2025\/10\/color-catalog-icon-for-website-new.pdf\" >\t<div class=\"icon-box featured-box icon-box-center text-center\"  >\n\t\t\t\t\t<div class=\"icon-box-img has-icon-bg\" style=\"width: 150px\">\n\t\t\t\t<div class=\"icon\">\n\t\t\t\t\t<div class=\"icon-inner\" style=\"border-width:1px;color:rgba(121, 193, 124, 0.407);\">\n\t\t\t\t\t\t<img decoding=\"async\" width=\"300\" height=\"300\" src=\"https:\/\/ubisasia.com\/wp-content\/uploads\/2025\/10\/color-catalog-icon-transparent-background-300x300.png\" class=\"attachment-medium size-medium\" alt=\"\" srcset=\"https:\/\/ubisasia.com\/wp-content\/uploads\/2025\/10\/color-catalog-icon-transparent-background-300x300.png 300w, https:\/\/ubisasia.com\/wp-content\/uploads\/2025\/10\/color-catalog-icon-transparent-background-1024x1024.png 1024w, https:\/\/ubisasia.com\/wp-content\/uploads\/2025\/10\/color-catalog-icon-transparent-background-150x150.png 150w, https:\/\/ubisasia.com\/wp-content\/uploads\/2025\/10\/color-catalog-icon-transparent-background-768x768.png 768w, https:\/\/ubisasia.com\/wp-content\/uploads\/2025\/10\/color-catalog-icon-transparent-background-247x247.png 247w, https:\/\/ubisasia.com\/wp-content\/uploads\/2025\/10\/color-catalog-icon-transparent-background-510x510.png 510w, https:\/\/ubisasia.com\/wp-content\/uploads\/2025\/10\/color-catalog-icon-transparent-background-100x100.png 100w, https:\/\/ubisasia.com\/wp-content\/uploads\/2025\/10\/color-catalog-icon-transparent-background.png 1080w\" sizes=\"(max-width: 300px) 100vw, 300px\" \/>\t\t\t\t\t<\/div>\n\t\t\t\t<\/div>\n\t\t\t<\/div>\n\t\t\t\t<div class=\"icon-box-text last-reset\">\n\t\t\t\t\t\t\t\t\t\n<p><strong>Cat\u00e1logo de colores<\/strong><\/p>\n\t\t<\/div>\n\t<\/div>\n\t<\/a>\n\t\n\t\t<\/div>\n\t\t\t\t\t<\/div>\n\n\t\n<\/div>","protected":false},"excerpt":{"rendered":"<p>UBIS Flexographic Inks Water Base<br \/>\n<div class=\"wpforms-container wpforms-container-full\" id=\"wpforms-423\"><form id=\"wpforms-form-423\" class=\"wpforms-validate wpforms-form wpforms-ajax-form\" data-formid=\"423\" method=\"post\" enctype=\"multipart\/form-data\" action=\"\/es\/wp-json\/wp\/v2\/product\/1159\" data-token=\"49aa0f53155bd537d21c29d8cde574c0\"><div class=\"wpforms-head-container\"><\/div><noscript class=\"wpforms-error-noscript\">Por favor, activa JavaScript en tu navegador para completar este formulario.<\/noscript><div class=\"wpforms-field-container\"><div id=\"wpforms-423-field_2-container\" class=\"wpforms-field wpforms-field-name\" data-field-id=\"2\"><label class=\"wpforms-field-label\" for=\"wpforms-423-field_2\">Name <span class=\"wpforms-required-label\">*<\/span><\/label><input type=\"text\" id=\"wpforms-423-field_2\" class=\"wpforms-field-large wpforms-field-required\" name=\"wpforms[fields][2]\" required><\/div><div id=\"wpforms-423-field_8-container\" class=\"wpforms-field wpforms-field-text\" data-field-id=\"8\"><label class=\"wpforms-field-label\" for=\"wpforms-423-field_8\">Company Name <span class=\"wpforms-required-label\">*<\/span><\/label><input type=\"text\" id=\"wpforms-423-field_8\" class=\"wpforms-field-large wpforms-field-required\" name=\"wpforms[fields][8]\" required><\/div><div id=\"wpforms-423-field_5-container\" class=\"wpforms-field wpforms-field-email\" data-field-id=\"5\"><label class=\"wpforms-field-label\" for=\"wpforms-423-field_5\">Email <span class=\"wpforms-required-label\">*<\/span><\/label><input type=\"email\" id=\"wpforms-423-field_5\" class=\"wpforms-field-large wpforms-field-required\" name=\"wpforms[fields][5]\" required><\/div><div id=\"wpforms-423-field_7-container\" class=\"wpforms-field wpforms-field-textarea\" data-field-id=\"7\"><label class=\"wpforms-field-label\" for=\"wpforms-423-field_7\">Message<\/label><textarea id=\"wpforms-423-field_7\" class=\"wpforms-field-medium\" name=\"wpforms[fields][7]\" ><\/textarea><\/div><\/div><div class=\"wpforms-submit-container\"><input type=\"hidden\" name=\"wpforms[id]\" value=\"423\"><input type=\"hidden\" name=\"wpforms[author]\" value=\"2\"><button type=\"submit\" name=\"wpforms[submit]\" id=\"wpforms-submit-423\" class=\"wpforms-submit\" data-alt-text=\"Sending...\" data-submit-text=\"Submit\" aria-live=\"assertive\" value=\"wpforms-submit\">Submit<\/button><img decoding=\"async\" src=\"https:\/\/ubisasia.com\/wp-content\/plugins\/wpforms\/assets\/images\/submit-spin.svg\" class=\"wpforms-submit-spinner\" style=\"display: none;\" width=\"26\" height=\"26\" alt=\"\"><\/div><\/form><\/div>  <!-- .wpforms-container -->\n","protected":false},"featured_media":7839,"comment_status":"closed","ping_status":"closed","template":"","meta":[],"product_brand":[],"product_cat":[42,57,36,54,39],"product_tag":[135,134,136],"class_list":{"0":"post-1159","1":"product","2":"type-product","3":"status-publish","4":"has-post-thumbnail","6":"product_cat-flexographic-inks","7":"product_cat-flexographic-inks-water-based","8":"product_cat-non-metal-packaging","9":"product_cat-papaer-packagings","10":"product_cat-printing-inks","11":"product_tag-flexo-ink","12":"product_tag-flexographic","13":"product_tag-flexographic-ink","15":"first","16":"instock","17":"featured","18":"shipping-taxable","19":"product-type-simple"},"_links":{"self":[{"href":"https:\/\/ubisasia.com\/es\/wp-json\/wp\/v2\/product\/1159","targetHints":{"allow":["GET"]}}],"collection":[{"href":"https:\/\/ubisasia.com\/es\/wp-json\/wp\/v2\/product"}],"about":[{"href":"https:\/\/ubisasia.com\/es\/wp-json\/wp\/v2\/types\/product"}],"replies":[{"embeddable":true,"href":"https:\/\/ubisasia.com\/es\/wp-json\/wp\/v2\/comments?post=1159"}],"wp:featuredmedia":[{"embeddable":true,"href":"https:\/\/ubisasia.com\/es\/wp-json\/wp\/v2\/media\/7839"}],"wp:attachment":[{"href":"https:\/\/ubisasia.com\/es\/wp-json\/wp\/v2\/media?parent=1159"}],"wp:term":[{"taxonomy":"product_brand","embeddable":true,"href":"https:\/\/ubisasia.com\/es\/wp-json\/wp\/v2\/product_brand?post=1159"},{"taxonomy":"product_cat","embeddable":true,"href":"https:\/\/ubisasia.com\/es\/wp-json\/wp\/v2\/product_cat?post=1159"},{"taxonomy":"product_tag","embeddable":true,"href":"https:\/\/ubisasia.com\/es\/wp-json\/wp\/v2\/product_tag?post=1159"}],"curies":[{"name":"wp","href":"https:\/\/api.w.org\/{rel}","templated":true}]}}