{"id":1140,"date":"2025-08-14T10:08:31","date_gmt":"2025-08-14T03:08:31","guid":{"rendered":"https:\/\/ubisasia.com\/?post_type=product&#038;p=1140"},"modified":"2025-10-14T14:55:19","modified_gmt":"2025-10-14T07:55:19","slug":"ubis-polyurethane-solvent-free","status":"publish","type":"product","link":"https:\/\/ubisasia.com\/es\/producto\/ubis-polyurethane-solvent-free\/","title":{"rendered":"POLIURETANO UBIS (SIN DISOLVENTES)"},"content":{"rendered":"<h3><b>Poliuretano (sin disolventes)<\/b><\/h3>\n<p>Los adhesivos de poliuretano sin disolventes UBIS son sistemas bicomponentes de alto rendimiento para envases flexibles. Estos adhesivos eliminan la necesidad de hornos para eliminar los disolventes, lo que ahorra costes y aumenta la eficacia operativa. Los convertidores aplican los adhesivos utilizando laminadoras especializadas para unir m\u00faltiples sustratos, incluidos films, l\u00e1minas y papel, creando envases robustos y multicapa para todo tipo de productos, desde alimentos hasta bolsas de retorta de alto rendimiento.<\/p>\n<div class=\"text-center\"><div class=\"is-divider divider clearfix\" style=\"margin-top:20px;margin-bottom:20px;max-width:100%;height:1px;background-color:rgb(0, 0, 0);\"><\/div><\/div>\n<div class=\"row row-divided\"  id=\"row-1429805608\">\n\n\t<div id=\"col-1883393896\" class=\"col medium-4 small-12 large-4\"  >\n\t\t\t\t<div class=\"col-inner\"  >\n\t\t\t\n\t\t\t\n<p><strong>C\u00d3MO FUNCIONAN<\/strong><\/p>\n<div>\n<ul>\n<li><b>Sistemas de dos componentes:<\/b> Se mezclan un isocianato y un poliol, que reaccionan inmediatamente para formar un fuerte enlace de poliuretano.<\/li>\n<li><b>100% Ingredientes activos:<\/b> A diferencia de las alternativas basadas en disolventes, estos adhesivos no contienen disolventes ni portadores de agua, lo que significa que no liberan compuestos org\u00e1nicos vol\u00e1tiles (COV).<\/li>\n<li><b>Curado r\u00e1pido:<\/b> Los adhesivos curan r\u00e1pidamente tras su mezcla y aplicaci\u00f3n, lo que aumenta considerablemente la velocidad de producci\u00f3n.<\/li>\n<\/ul>\n<\/div>\n\t\t<\/div>\n\t\t\t\t\t<\/div>\n\n\t\n\n\t<div id=\"col-1076330074\" class=\"col medium-4 small-12 large-4\"  >\n\t\t\t\t<div class=\"col-inner\"  >\n\t\t\t\n\t\t\t\n<p><strong>VENTAJAS<\/strong><\/p>\n<ul>\n<li><strong>Eficiencia operativa:<\/strong> El sistema elimina los grandes hornos de secado, lo que ahorra energ\u00eda y libera espacio.<\/li>\n<li><span style=\"color: #555555; font-size: 14.4px;\"><strong>Ahorro de costes:<\/strong> Los convertidores reducen los costes energ\u00e9ticos y aceleran la producci\u00f3n.<\/span><\/li>\n<li><span style=\"color: #555555; font-size: 14.4px;\"><strong>Ventajas medioambientales:<\/strong> Los adhesivos reducen o eliminan las emisiones de COV, creando un proceso de laminaci\u00f3n m\u00e1s seguro y sostenible.<\/span><\/li>\n<li><span style=\"color: #555555; font-size: 14.4px;\"><strong>Versatilidad:<\/strong> Los adhesivos funcionan a la perfecci\u00f3n en una amplia variedad de materiales, como pel\u00edculas de PET, PE y PP, l\u00e1minas y papel.<\/span><\/li>\n<li><span style=\"color: #555555; font-size: 14.4px;\"><strong>Rendimiento:<\/strong> Crean laminados resistentes y duraderos para todas las necesidades de envasado, desde envolturas est\u00e1ndar para alimentos hasta aplicaciones exigentes a altas temperaturas.<\/span><\/li>\n<\/ul>\n\t\t<\/div>\n\t\t\t\t\t<\/div>\n\n\t\n\n\t<div id=\"col-858960464\" class=\"col medium-4 small-12 large-4\"  >\n\t\t\t\t<div class=\"col-inner\"  >\n\t\t\t\n\t\t\t\n<p><strong>SOLICITUD<\/strong><\/p>\n<p>El proceso aplica los adhesivos a un sustrato mediante una laminadora especial y una t\u00e9cnica de recubrimiento por transferencia suave con rodillo. A continuaci\u00f3n, se une un segundo sustrato al primero para formar el laminado.<\/p>\n\t\t<\/div>\n\t\t\t\t\t<\/div>\n\n\t\n<\/div>\n<p>&nbsp;<\/p>","protected":false},"excerpt":{"rendered":"<p>UBIS Polyurethane<br \/>\n<div class=\"wpforms-container wpforms-container-full\" id=\"wpforms-423\"><form id=\"wpforms-form-423\" class=\"wpforms-validate wpforms-form wpforms-ajax-form\" data-formid=\"423\" method=\"post\" enctype=\"multipart\/form-data\" action=\"\/es\/wp-json\/wp\/v2\/product\/1140\" data-token=\"a32f0a60bb30caacc8ba795efca6ba81\"><div class=\"wpforms-head-container\"><\/div><noscript class=\"wpforms-error-noscript\">Por favor, activa JavaScript en tu navegador para completar este formulario.<\/noscript><div class=\"wpforms-field-container\"><div id=\"wpforms-423-field_2-container\" class=\"wpforms-field wpforms-field-name\" data-field-id=\"2\"><label class=\"wpforms-field-label\" for=\"wpforms-423-field_2\">Name <span class=\"wpforms-required-label\">*<\/span><\/label><input type=\"text\" id=\"wpforms-423-field_2\" class=\"wpforms-field-large wpforms-field-required\" name=\"wpforms[fields][2]\" required><\/div><div id=\"wpforms-423-field_8-container\" class=\"wpforms-field wpforms-field-text\" data-field-id=\"8\"><label class=\"wpforms-field-label\" for=\"wpforms-423-field_8\">Company Name <span class=\"wpforms-required-label\">*<\/span><\/label><input type=\"text\" id=\"wpforms-423-field_8\" class=\"wpforms-field-large wpforms-field-required\" name=\"wpforms[fields][8]\" required><\/div><div id=\"wpforms-423-field_5-container\" class=\"wpforms-field wpforms-field-email\" data-field-id=\"5\"><label class=\"wpforms-field-label\" for=\"wpforms-423-field_5\">Email <span class=\"wpforms-required-label\">*<\/span><\/label><input type=\"email\" id=\"wpforms-423-field_5\" class=\"wpforms-field-large wpforms-field-required\" name=\"wpforms[fields][5]\" required><\/div><div id=\"wpforms-423-field_7-container\" class=\"wpforms-field wpforms-field-textarea\" data-field-id=\"7\"><label class=\"wpforms-field-label\" for=\"wpforms-423-field_7\">Message<\/label><textarea id=\"wpforms-423-field_7\" class=\"wpforms-field-medium\" name=\"wpforms[fields][7]\" ><\/textarea><\/div><\/div><div class=\"wpforms-submit-container\"><input type=\"hidden\" name=\"wpforms[id]\" value=\"423\"><input type=\"hidden\" name=\"wpforms[author]\" value=\"2\"><button type=\"submit\" name=\"wpforms[submit]\" id=\"wpforms-submit-423\" class=\"wpforms-submit\" data-alt-text=\"Sending...\" data-submit-text=\"Submit\" aria-live=\"assertive\" value=\"wpforms-submit\">Submit<\/button><img decoding=\"async\" src=\"https:\/\/ubisasia.com\/wp-content\/plugins\/wpforms\/assets\/images\/submit-spin.svg\" class=\"wpforms-submit-spinner\" style=\"display: none;\" width=\"26\" height=\"26\" alt=\"\"><\/div><\/form><\/div>  <!-- .wpforms-container -->\n","protected":false},"featured_media":1142,"comment_status":"closed","ping_status":"closed","template":"","meta":[],"product_brand":[],"product_cat":[36,40,56],"product_tag":[],"class_list":{"0":"post-1140","1":"product","2":"type-product","3":"status-publish","4":"has-post-thumbnail","6":"product_cat-non-metal-packaging","7":"product_cat-adhesives","8":"product_cat-dry-laminated-adhesive","10":"first","11":"instock","12":"featured","13":"shipping-taxable","14":"product-type-simple"},"_links":{"self":[{"href":"https:\/\/ubisasia.com\/es\/wp-json\/wp\/v2\/product\/1140","targetHints":{"allow":["GET"]}}],"collection":[{"href":"https:\/\/ubisasia.com\/es\/wp-json\/wp\/v2\/product"}],"about":[{"href":"https:\/\/ubisasia.com\/es\/wp-json\/wp\/v2\/types\/product"}],"replies":[{"embeddable":true,"href":"https:\/\/ubisasia.com\/es\/wp-json\/wp\/v2\/comments?post=1140"}],"wp:featuredmedia":[{"embeddable":true,"href":"https:\/\/ubisasia.com\/es\/wp-json\/wp\/v2\/media\/1142"}],"wp:attachment":[{"href":"https:\/\/ubisasia.com\/es\/wp-json\/wp\/v2\/media?parent=1140"}],"wp:term":[{"taxonomy":"product_brand","embeddable":true,"href":"https:\/\/ubisasia.com\/es\/wp-json\/wp\/v2\/product_brand?post=1140"},{"taxonomy":"product_cat","embeddable":true,"href":"https:\/\/ubisasia.com\/es\/wp-json\/wp\/v2\/product_cat?post=1140"},{"taxonomy":"product_tag","embeddable":true,"href":"https:\/\/ubisasia.com\/es\/wp-json\/wp\/v2\/product_tag?post=1140"}],"curies":[{"name":"wp","href":"https:\/\/api.w.org\/{rel}","templated":true}]}}