{"id":983,"date":"2025-08-11T11:45:34","date_gmt":"2025-08-11T04:45:34","guid":{"rendered":"https:\/\/ubisasia.com\/?page_id=983"},"modified":"2025-08-19T11:28:48","modified_gmt":"2025-08-19T04:28:48","slug":"cookie-policy","status":"publish","type":"page","link":"https:\/\/ubisasia.com\/es\/cookie-policy\/","title":{"rendered":"Pol\u00edtica de cookies"},"content":{"rendered":"<section class=\"section\" id=\"section_13197590\">\n\t\t<div class=\"section-bg fill\" >\n\t\t\t\t\t\t\t\t\t\n\t\t\t\n\n\t\t<\/div>\n\n\t\t\n\n\t\t<div class=\"section-content relative\">\n\t\t\t\n\n<div class=\"row align-center\"  id=\"row-537653966\">\n\n\n\t<div id=\"col-1085804864\" class=\"col medium-11 small-12 large-11\"  >\n\t\t\t\t<div class=\"col-inner\"  >\n\t\t\t\n\t\t\t\n\n\t<div id=\"text-20374977\" class=\"text\">\n\t\t\n\n<h1><strong>Pol\u00edtica de cookies<\/strong><\/h1>\n\t\t\n<style>\n#text-20374977 {\n  font-size: 1.5rem;\n  color: rgb(8, 96, 55);\n}\n#text-20374977 > * {\n  color: rgb(8, 96, 55);\n}\n<\/style>\n\t<\/div>\n\t\n\t<div id=\"gap-1852712400\" class=\"gap-element clearfix\" style=\"display:block; height:auto;\">\n\t\t\n<style>\n#gap-1852712400 {\n  padding-top: 30px;\n}\n<\/style>\n\t<\/div>\n\t\n\n<p>UBIS (Asia) Public Company Limited (en adelante, la \u201cEmpresa\u201d) desea informarle de que nuestro sitio web implementa Cookies y otras tecnolog\u00edas relacionadas en su navegador web y en sus dispositivos conectados a Internet (por ejemplo, su ordenador, smartphone o tableta) para reconocer las preferencias de uso de Internet y ofrecerle una buena experiencia. Por lo tanto, al continuar navegando por nuestro sitio web, est\u00e1 consintiendo que la Empresa instale Cookies.<\/p>\n<h2 class=\"text-green\"><span style=\"color: #086037;\"><strong>Qu\u00e9 son las cookies<\/strong><\/span><\/h2>\n<p>Las cookies son peque\u00f1os textos que contienen peque\u00f1as cantidades de informaci\u00f3n que se descargan y pueden almacenarse en cualquiera de sus navegadores web y\/o dispositivos para que posteriormente puedan ser le\u00eddos por el servidor, como una memoria para una p\u00e1gina web.<\/p>\n<p>Esto significa que la Empresa recopila y procesa autom\u00e1ticamente la siguiente informaci\u00f3n sobre su visita:<\/p>\n<p>(a.) el dominio de Internet y la direcci\u00f3n IP desde la que accede al sitio web;<\/p>\n<p>(b.) el tipo de software de navegaci\u00f3n y la configuraci\u00f3n y el sistema operativo utilizados para acceder al sitio web;<\/p>\n<p>(c.) la fecha y hora de acceso al sitio web;<\/p>\n<p>(d.) si enlaza con el sitio web desde otro sitio web, se registrar\u00e1 la direcci\u00f3n de dicho sitio web; y<\/p>\n<p>(e.) las p\u00e1ginas por las que entra, visita y sale del sitio web, los contenidos vistos y la duraci\u00f3n de las visitas.<\/p>\n<h2 class=\"text-green\"><span style=\"color: #086037;\"><strong>Uso de cookies<\/strong><\/span><\/h2>\n<p>La Empresa utiliza los siguientes tipos de cookies;<\/p>\n<p>(a.) Siempre activas: Estas cookies son necesarias para el funcionamiento del sitio web y no pueden desactivarse en nuestros sistemas. Normalmente s\u00f3lo se instalan en respuesta a acciones realizadas por usted que equivalen a una solicitud de servicios, como configurar sus preferencias de privacidad, iniciar sesi\u00f3n o rellenar formularios. Puede configurar su navegador para que bloquee o le avise de estas cookies, pero algunas partes del sitio no funcionar\u00e1n. Estas cookies no almacenan informaci\u00f3n personal identificable.<\/p>\n<p>(b.) Cookies anal\u00edticas: Estas cookies nos permiten contar las visitas y las fuentes de tr\u00e1fico, por lo que podemos medir y mejorar el rendimiento de nuestro sitio. Nos ayudan a saber qu\u00e9 p\u00e1ginas son las m\u00e1s y las menos populares y a ver c\u00f3mo se mueven los visitantes por el sitio. Toda la informaci\u00f3n que recogen estas cookies es agregada y, por tanto, an\u00f3nima. Si no permite estas cookies, no sabremos cu\u00e1ndo ha visitado nuestro sitio.<\/p>\n<p>Tenga en cuenta que las cookies del sitio web son gestionadas por proveedores de sitios web externos, como servicios de an\u00e1lisis del tr\u00e1fico web. Debe consultar las pol\u00edticas de cookies y privacidad para obtener informaci\u00f3n sobre c\u00f3mo pueden utilizar su informaci\u00f3n.<\/p>\n<h1 class=\"text-green\"><span style=\"color: #086037;\"><strong>Configuraci\u00f3n de cookies<\/strong><\/span><\/h1>\n<p>Puede gestionar o eliminar las cookies como desee<\/p>\n\n\t\t<\/div>\n\t\t\t\t\t<\/div>\n\n\t\n\n<\/div>\n\n\t\t<\/div>\n\n\t\t\n<style>\n#section_13197590 {\n  padding-top: 30px;\n  padding-bottom: 30px;\n}\n<\/style>\n\t<\/section>","protected":false},"excerpt":{"rendered":"","protected":false},"author":1,"featured_media":0,"parent":0,"menu_order":0,"comment_status":"closed","ping_status":"closed","template":"","meta":{"footnotes":""},"class_list":["post-983","page","type-page","status-publish","hentry"],"_links":{"self":[{"href":"https:\/\/ubisasia.com\/es\/wp-json\/wp\/v2\/pages\/983","targetHints":{"allow":["GET"]}}],"collection":[{"href":"https:\/\/ubisasia.com\/es\/wp-json\/wp\/v2\/pages"}],"about":[{"href":"https:\/\/ubisasia.com\/es\/wp-json\/wp\/v2\/types\/page"}],"author":[{"embeddable":true,"href":"https:\/\/ubisasia.com\/es\/wp-json\/wp\/v2\/users\/1"}],"replies":[{"embeddable":true,"href":"https:\/\/ubisasia.com\/es\/wp-json\/wp\/v2\/comments?post=983"}],"version-history":[{"count":0,"href":"https:\/\/ubisasia.com\/es\/wp-json\/wp\/v2\/pages\/983\/revisions"}],"wp:attachment":[{"href":"https:\/\/ubisasia.com\/es\/wp-json\/wp\/v2\/media?parent=983"}],"curies":[{"name":"wp","href":"https:\/\/api.w.org\/{rel}","templated":true}]}}