{"id":8102,"date":"2025-11-19T15:38:03","date_gmt":"2025-11-19T08:38:03","guid":{"rendered":"https:\/\/ubisasia.com\/?page_id=8102"},"modified":"2026-01-16T10:07:13","modified_gmt":"2026-01-16T03:07:13","slug":"factory-operations","status":"publish","type":"page","link":"https:\/\/ubisasia.com\/es\/people\/factory-operations\/","title":{"rendered":"Operaciones de f\u00e1brica"},"content":{"rendered":"<div class=\"banner has-hover bg-overlay-remove\" id=\"banner-716719990\">\n          <div class=\"banner-inner fill\">\n        <div class=\"banner-bg fill\" >\n            <img decoding=\"async\" width=\"1800\" height=\"600\" src=\"https:\/\/ubisasia.com\/wp-content\/uploads\/2025\/11\/factory-operation.png\" class=\"bg attachment-original size-original\" alt=\"\" \/>                        <div class=\"overlay\"><\/div>            \n                    <\/div>\n\t\t\n        <div class=\"banner-layers container\">\n            <div class=\"fill banner-link\"><\/div>            \n\n   <div id=\"text-box-1296232775\" class=\"text-box banner-layer x50 md-x90 lg-x90 y50 md-y65 lg-y65 res-text\">\n                                <div class=\"text-box-content text dark\">\n              \n              <div class=\"text-inner text-center\">\n                  \n\n\t<div id=\"text-1784526128\" class=\"text\">\n\t\t\n\n<h2 class=\"p1\"><strong>Funcionamiento en f\u00e1brica<\/strong><\/h2>\n<p class=\"p1\">Convertir la visi\u00f3n en producci\u00f3n<\/p>\n\t\t\n<style>\n#text-1784526128 {\n  font-size: 1rem;\n  line-height: 1.1;\n  text-align: left;\n  color: #086037;\n}\n#text-1784526128 > * {\n  color: #086037;\n}\n<\/style>\n\t<\/div>\n\t\n\n              <\/div>\n           <\/div>\n                            \n<style>\n#text-box-1296232775 {\n  width: 80%;\n}\n#text-box-1296232775 .text-box-content {\n  font-size: 100%;\n}\n@media (min-width:550px) {\n  #text-box-1296232775 {\n    width: 40%;\n  }\n}\n<\/style>\n    <\/div>\n \n\n        <\/div>\n      <\/div>\n\n            \n<style>\n#banner-716719990 {\n  padding-top: 400px;\n}\n#banner-716719990 .overlay {\n  background-color: rgba(255, 255, 255, 0.558);\n}\n@media (min-width:550px) {\n  #banner-716719990 {\n    padding-top: 400px;\n  }\n}\n<\/style>\n  <\/div>\n\n\n\n\t<section class=\"section\" id=\"section_1243681589\">\n\t\t<div class=\"section-bg fill\" >\n\t\t\t\t\t\t\t\t\t\n\t\t\t\n\n\t\t<\/div>\n\n\t\t\n\n\t\t<div class=\"section-content relative\">\n\t\t\t\n\n<div class=\"row align-center\"  id=\"row-1555390495\">\n\n\n\t<div id=\"col-1040438964\" class=\"col medium-10 small-12 large-12\"  data-animate=\"fadeInRight\">\n\t\t\t\t<div class=\"col-inner\"  >\n\t\t\t\n\t\t\t\n\n\t<div id=\"gap-1050152313\" class=\"gap-element clearfix 50\" style=\"display:block; height:auto;\">\n\t\t\n<style>\n#gap-1050152313 {\n  padding-top: 32px;\n}\n<\/style>\n\t<\/div>\n\t\n\n\t<div id=\"text-2404202286\" class=\"text\">\n\t\t\n\n<p><a href=\"\/es\/people\/\">Personas<\/a> | <strong>Funcionamiento en f\u00e1brica<\/strong><\/p>\n\t\t\n<style>\n#text-2404202286 {\n  color: #086037;\n}\n#text-2404202286 > * {\n  color: #086037;\n}\n<\/style>\n\t<\/div>\n\t\n\t<div id=\"text-3742239489\" class=\"text\">\n\t\t\n\n<p><strong>En la UBIS, <\/strong>nuestro equipo de Operaciones de F\u00e1brica transforma las materias primas en productos de alta calidad de forma eficiente y segura. Desempe\u00f1amos un papel fundamental a la hora de garantizar el cumplimiento de los objetivos de producci\u00f3n, al tiempo que mantenemos estrictas normas de seguridad, calidad y sostenibilidad.<\/p>\n<p>Como socio operativo, el equipo trabaja en estrecha colaboraci\u00f3n con I+D, Calidad, SHE y Cadena de Suministro para optimizar los procesos, maximizar la eficiencia y apoyar la mejora continua. Convertimos la innovaci\u00f3n y los planes en resultados tangibles para los clientes y la empresa.<\/p>\n\t\t\n<style>\n#text-3742239489 {\n  text-align: left;\n}\n<\/style>\n\t<\/div>\n\t\n\n\t\t<\/div>\n\t\t\t\t\n<style>\n#col-1040438964 > .col-inner {\n  margin: 0px 0px -30px 0px;\n}\n<\/style>\n\t<\/div>\n\n\t\n\n<\/div>\n\n\t\t<\/div>\n\n\t\t\n<style>\n#section_1243681589 {\n  padding-top: 0px;\n  padding-bottom: 0px;\n}\n<\/style>\n\t<\/section>\n\t\n\n\t<section class=\"section\" id=\"section_1118378221\">\n\t\t<div class=\"section-bg fill\" >\n\t\t\t\t\t\t\t\t\t\n\t\t\t\n\n\t\t<\/div>\n\n\t\t\n\n\t\t<div class=\"section-content relative\">\n\t\t\t\n\n<div class=\"row align-middle\"  id=\"row-1207302602\">\n\n\n\t<div id=\"col-1739139200\" class=\"col medium-6 small-12 large-6\"  data-animate=\"fadeInLeft\">\n\t\t\t\t<div class=\"col-inner\"  >\n\t\t\t\n\t\t\t\n\n\t<div id=\"ux-lottie-1212885302\" class=\"ux-lottie\" >\n\t\t\t\t<lottie-player class=\"ux-lottie__player\" data-params=\"{&quot;src&quot;:&quot;https:\\\/\\\/ubisasia.com\\\/wp-content\\\/uploads\\\/2025\\\/11\\\/testing-ibis-1.json&quot;,&quot;loop&quot;:true,&quot;autoplay&quot;:true,&quot;controls&quot;:false,&quot;speed&quot;:&quot;1&quot;,&quot;direction&quot;:1,&quot;trigger&quot;:&quot;&quot;,&quot;mouseout&quot;:&quot;&quot;,&quot;start&quot;:0,&quot;end&quot;:100,&quot;scrollActionType&quot;:&quot;seek&quot;,&quot;visibilityStart&quot;:0,&quot;visibilityEnd&quot;:100,&quot;id&quot;:&quot;ux-lottie-1212885302&quot;}\" ><\/lottie-player>\n\t\t\t\t\n<style>\n#ux-lottie-1212885302 {\n  width: 100%;\n  height: 300px;\n}\n<\/style>\n\t<\/div>\n\t\n\n\n\t\t<\/div>\n\t\t\t\t\t<\/div>\n\n\t\n\n\t<div id=\"col-457058379\" class=\"col medium-6 small-12 large-6\"  data-animate=\"bounceIn\">\n\t\t\t\t<div class=\"col-inner\"  >\n\t\t\t\n\t\t\t\n\n\t<div id=\"text-1488069244\" class=\"text\">\n\t\t\n\n<h3 class=\"p1\"><strong>Entre otras cosas, ser\u00e1 responsable de :<\/strong><\/h3>\n\t\t\n<style>\n#text-1488069244 {\n  color: #086037;\n}\n#text-1488069244 > * {\n  color: #086037;\n}\n<\/style>\n\t<\/div>\n\t\n<ul>\n<li>\n<p>Gesti\u00f3n de las actividades y operaciones cotidianas de producci\u00f3n<\/p>\n<\/li>\n<li>\n<p>Garantizar el cumplimiento de las normas de seguridad, medio ambiente y calidad<\/p>\n<\/li>\n<li>\n<p>Supervisi\u00f3n y mejora de la eficacia operativa y la productividad<\/p>\n<\/li>\n<li>\n<p>Colaboraci\u00f3n con equipos multifuncionales para cumplir los objetivos de producci\u00f3n<\/p>\n<\/li>\n<li>\n<p>Aplicaci\u00f3n de iniciativas de mejora continua<\/p>\n<\/li>\n<li>\n<p>Apoyar la formaci\u00f3n y el desarrollo del personal de producci\u00f3n<\/p>\n<\/li>\n<\/ul>\n\n\t\t<\/div>\n\t\t\t\t\t<\/div>\n\n\t\n\n<\/div>\n\n\t\t<\/div>\n\n\t\t\n<style>\n#section_1118378221 {\n  padding-top: 30px;\n  padding-bottom: 30px;\n}\n<\/style>\n\t<\/section>\n\t\n\n\t<section class=\"section\" id=\"section_2010265343\">\n\t\t<div class=\"section-bg fill\" >\n\t\t\t\t\t\t\t\t\t<div class=\"section-bg-overlay absolute fill\"><\/div>\n\t\t\t\n\n\t\t<\/div>\n\n\t\t\n\n\t\t<div class=\"section-content relative\">\n\t\t\t\n\n<div class=\"row align-center\"  id=\"row-852449694\">\n\n\n\t<div id=\"col-1713726597\" class=\"col medium-10 small-12 large-10\"  >\n\t\t\t\t<div class=\"col-inner\"  >\n\t\t\t\n\t\t\t\n\n\t<div id=\"gap-1475789904\" class=\"gap-element clearfix\" style=\"display:block; height:auto;\">\n\t\t\n<style>\n#gap-1475789904 {\n  padding-top: 31px;\n}\n<\/style>\n\t<\/div>\n\t\n\n<div class=\"row align-center\"  id=\"row-653105269\">\n\n\n\t<div id=\"col-419078942\" class=\"col medium-8 small-12 large-8\"  data-animate=\"fadeInUp\">\n\t\t\t\t<div class=\"col-inner\"  >\n\t\t\t\n\t\t\t\n\n\t<div id=\"text-681365791\" class=\"text\">\n\t\t\n\n<h2><strong><span class=\"brand-color-primary\">Crecimiento profesional<\/span><\/strong><\/h2>\n\t\t\n<style>\n#text-681365791 {\n  font-size: 1.5rem;\n  text-align: center;\n  color: #086037;\n}\n#text-681365791 > * {\n  color: #086037;\n}\n<\/style>\n\t<\/div>\n\t\n\n\t\t<\/div>\n\t\t\t\t\n<style>\n#col-419078942 > .col-inner {\n  margin: 0px 0px -30px 0px;\n}\n<\/style>\n\t<\/div>\n\n\t\n\n<\/div>\n<div class=\"row align-center\"  id=\"row-1364417256\">\n\n\n\t<div id=\"col-782041824\" class=\"col small-12 large-12\"  data-animate=\"fadeInUp\">\n\t\t\t\t<div class=\"col-inner\"  >\n\t\t\t\n\t\t\t\n\n\t<div id=\"gap-1316874194\" class=\"gap-element clearfix\" style=\"display:block; height:auto;\">\n\t\t\n<style>\n#gap-1316874194 {\n  padding-top: 30px;\n}\n<\/style>\n\t<\/div>\n\t\n\n\t<div id=\"ux-lottie-239838219\" class=\"ux-lottie\" >\n\t\t\t\t<lottie-player class=\"ux-lottie__player\" data-params=\"{&quot;src&quot;:&quot;https:\\\/\\\/ubisasia.com\\\/wp-content\\\/uploads\\\/2025\\\/11\\\/career-growth-2-2.json&quot;,&quot;loop&quot;:true,&quot;autoplay&quot;:true,&quot;controls&quot;:false,&quot;speed&quot;:&quot;1&quot;,&quot;direction&quot;:1,&quot;trigger&quot;:&quot;&quot;,&quot;mouseout&quot;:&quot;&quot;,&quot;start&quot;:0,&quot;end&quot;:100,&quot;scrollActionType&quot;:&quot;seek&quot;,&quot;visibilityStart&quot;:0,&quot;visibilityEnd&quot;:100,&quot;id&quot;:&quot;ux-lottie-239838219&quot;}\" ><\/lottie-player>\n\t\t\t\t\n<style>\n#ux-lottie-239838219 {\n  width: 100%;\n  height: 150px;\n}\n<\/style>\n\t<\/div>\n\t\n\n\t<div id=\"gap-842992065\" class=\"gap-element clearfix\" style=\"display:block; height:auto;\">\n\t\t\n<style>\n#gap-842992065 {\n  padding-top: 30px;\n}\n<\/style>\n\t<\/div>\n\t\n\n\t<div id=\"text-4114688989\" class=\"text\">\n\t\t\n\n<p class=\"p1\">Los puestos de Operaciones de f\u00e1brica proporcionan formaci\u00f3n en gesti\u00f3n de la producci\u00f3n, pr\u00e1cticas ajustadas y desarrollo del liderazgo. Adquirir\u00e1s la experiencia y las habilidades necesarias para dirigir equipos de operaciones y avanzar en el liderazgo de la fabricaci\u00f3n.<\/p>\n\t\t\n<style>\n#text-4114688989 {\n  text-align: center;\n}\n<\/style>\n\t<\/div>\n\t\n\n\t\t<\/div>\n\t\t\t\t\n<style>\n#col-782041824 > .col-inner {\n  margin: 0px 0px -40px 0px;\n}\n<\/style>\n\t<\/div>\n\n\t\n\n<\/div>\n\n\t\t<\/div>\n\t\t\t\t\t<\/div>\n\n\t\n\n<\/div>\n\n\t\t<\/div>\n\n\t\t\n<style>\n#section_2010265343 {\n  padding-top: 0px;\n  padding-bottom: 0px;\n}\n#section_2010265343 .section-bg-overlay {\n  background-color: rgb(247, 247, 247);\n}\n<\/style>\n\t<\/section>\n\t\n\n\t<section class=\"section\" id=\"section_462032053\">\n\t\t<div class=\"section-bg fill\" >\n\t\t\t\t\t\t\t\t\t\n\t\t\t\n\t<div class=\"is-border\"\n\t\tstyle=\"border-width:0px 0px 0px 0px;margin:0px 0px 0px 0px;\">\n\t<\/div>\n\n\t\t<\/div>\n\n\t\t\n\n\t\t<div class=\"section-content relative\">\n\t\t\t\n\n<div class=\"row align-middle align-center\"  id=\"row-1278430692\">\n\n\n\t<div id=\"col-1568036046\" class=\"col medium-10 small-12 large-8\"  data-animate=\"fadeInUp\">\n\t\t\t\t<div class=\"col-inner\"  >\n\t\t\t\n\t\t\t\n\n\t<div id=\"text-1138755613\" class=\"text\">\n\t\t\n\n<h2><strong>Disciplinas UBIS<\/strong><\/h2>\n\t\t\n<style>\n#text-1138755613 {\n  font-size: 1.5rem;\n  text-align: center;\n  color: #086037;\n}\n#text-1138755613 > * {\n  color: #086037;\n}\n<\/style>\n\t<\/div>\n\t\n<div class=\"is-divider divider clearfix\" style=\"max-width:6000px;height:2px;\"><\/div>\n\n\t<div id=\"text-468543642\" class=\"text\">\n\t\t\n\n<p class=\"p1\">La disciplina de Operaciones de F\u00e1brica garantiza que la UBIS transforme las materias primas y las innovaciones en productos de alta calidad de forma eficaz, segura y coherente. Esta disciplina desempe\u00f1a un papel fundamental en la consecuci\u00f3n de los objetivos de producci\u00f3n, manteniendo al mismo tiempo los est\u00e1ndares de seguridad, calidad y fiabilidad.<\/p>\n<p><strong>Abarca varias \u00e1reas clave:<\/strong><\/p>\n\t\t\n<style>\n#text-468543642 {\n  text-align: center;\n}\n<\/style>\n\t<\/div>\n\t\n\n\t\t<\/div>\n\t\t\t\t\n<style>\n#col-1568036046 > .col-inner {\n  margin: 0px 0px -30px 0px;\n}\n<\/style>\n\t<\/div>\n\n\t\n\n<\/div>\n<div class=\"row align-center\"  id=\"row-369275748\">\n\n\n\t<div id=\"col-1880773362\" class=\"col medium-4 small-12 large-4\"  data-animate=\"fadeInUp\">\n\t\t\t\t<div class=\"col-inner text-center\" style=\"background-color:rgba(59, 172, 119, 0.099);\" >\n\t\t\t\n\t\t\t\n\n\t<div id=\"gap-72092364\" class=\"gap-element clearfix\" style=\"display:block; height:auto;\">\n\t\t\n<style>\n#gap-72092364 {\n  padding-top: 20px;\n}\n<\/style>\n\t<\/div>\n\t\n\n\n\t\t<div class=\"icon-box featured-box icon-box-top text-left\"  >\n\t\t\t\t\t<div class=\"icon-box-img\" style=\"width: 106px\">\n\t\t\t\t<div class=\"icon\">\n\t\t\t\t\t<div class=\"icon-inner\" >\n\t\t\t\t\t\t<img decoding=\"async\" width=\"300\" height=\"300\" src=\"https:\/\/ubisasia.com\/wp-content\/uploads\/2025\/11\/Production-Management-300x300.png\" class=\"attachment-medium size-medium\" alt=\"\" srcset=\"https:\/\/ubisasia.com\/wp-content\/uploads\/2025\/11\/Production-Management-300x300.png 300w, https:\/\/ubisasia.com\/wp-content\/uploads\/2025\/11\/Production-Management-1024x1024.png 1024w, https:\/\/ubisasia.com\/wp-content\/uploads\/2025\/11\/Production-Management-150x150.png 150w, https:\/\/ubisasia.com\/wp-content\/uploads\/2025\/11\/Production-Management-768x768.png 768w, https:\/\/ubisasia.com\/wp-content\/uploads\/2025\/11\/Production-Management-247x247.png 247w, https:\/\/ubisasia.com\/wp-content\/uploads\/2025\/11\/Production-Management-510x510.png 510w, https:\/\/ubisasia.com\/wp-content\/uploads\/2025\/11\/Production-Management-100x100.png 100w, https:\/\/ubisasia.com\/wp-content\/uploads\/2025\/11\/Production-Management.png 1080w\" sizes=\"(max-width: 300px) 100vw, 300px\" \/>\t\t\t\t\t<\/div>\n\t\t\t\t<\/div>\n\t\t\t<\/div>\n\t\t\t\t<div class=\"icon-box-text last-reset\">\n\t\t\t\t\t\t\t\t\t\n\n\t<div id=\"text-2242083961\" class=\"text\">\n\t\t\n\n<h4 class=\"p1\"><b>Gesti\u00f3n de la producci\u00f3n<\/b><\/h4>\n\t\t\n<style>\n#text-2242083961 {\n  text-align: center;\n  color: #086037;\n}\n#text-2242083961 > * {\n  color: #086037;\n}\n<\/style>\n\t<\/div>\n\t\n\t<div id=\"gap-217429265\" class=\"gap-element clearfix\" style=\"display:block; height:auto;\">\n\t\t\n<style>\n#gap-217429265 {\n  padding-top: 10px;\n}\n<\/style>\n\t<\/div>\n\t\n\n\n\t\t<\/div>\n\t<\/div>\n\t\n\t\n<p class=\"p1\">Supervisar las operaciones diarias de fabricaci\u00f3n para garantizar que los productos se fabrican de forma segura, puntual y conforme a las especificaciones.<\/p>\n\t<div id=\"gap-893267812\" class=\"gap-element clearfix\" style=\"display:block; height:auto;\">\n\t\t\n<style>\n#gap-893267812 {\n  padding-top: 20px;\n}\n<\/style>\n\t<\/div>\n\t\n\n\n\t\t<\/div>\n\t\t\t\t\n<style>\n#col-1880773362 > .col-inner {\n  padding: 0px 10px 0px 10px;\n}\n<\/style>\n\t<\/div>\n\n\t\n\n\t<div id=\"col-627429705\" class=\"col medium-4 small-12 large-4\"  data-animate=\"fadeInUp\">\n\t\t\t\t<div class=\"col-inner text-center\" style=\"background-color:rgba(59, 172, 119, 0.099);\" >\n\t\t\t\n\t\t\t\n\n\t<div id=\"gap-1259217006\" class=\"gap-element clearfix\" style=\"display:block; height:auto;\">\n\t\t\n<style>\n#gap-1259217006 {\n  padding-top: 20px;\n}\n<\/style>\n\t<\/div>\n\t\n\n\n\t\t<div class=\"icon-box featured-box icon-box-top text-left\"  >\n\t\t\t\t\t<div class=\"icon-box-img\" style=\"width: 106px\">\n\t\t\t\t<div class=\"icon\">\n\t\t\t\t\t<div class=\"icon-inner\" >\n\t\t\t\t\t\t<img decoding=\"async\" width=\"300\" height=\"300\" src=\"https:\/\/ubisasia.com\/wp-content\/uploads\/2025\/11\/Production-Planning-300x300.png\" class=\"attachment-medium size-medium\" alt=\"\" srcset=\"https:\/\/ubisasia.com\/wp-content\/uploads\/2025\/11\/Production-Planning-300x300.png 300w, https:\/\/ubisasia.com\/wp-content\/uploads\/2025\/11\/Production-Planning-1024x1024.png 1024w, https:\/\/ubisasia.com\/wp-content\/uploads\/2025\/11\/Production-Planning-150x150.png 150w, https:\/\/ubisasia.com\/wp-content\/uploads\/2025\/11\/Production-Planning-768x768.png 768w, https:\/\/ubisasia.com\/wp-content\/uploads\/2025\/11\/Production-Planning-247x247.png 247w, https:\/\/ubisasia.com\/wp-content\/uploads\/2025\/11\/Production-Planning-510x510.png 510w, https:\/\/ubisasia.com\/wp-content\/uploads\/2025\/11\/Production-Planning-100x100.png 100w, https:\/\/ubisasia.com\/wp-content\/uploads\/2025\/11\/Production-Planning.png 1080w\" sizes=\"(max-width: 300px) 100vw, 300px\" \/>\t\t\t\t\t<\/div>\n\t\t\t\t<\/div>\n\t\t\t<\/div>\n\t\t\t\t<div class=\"icon-box-text last-reset\">\n\t\t\t\t\t\t\t\t\t\n\n\t<div id=\"text-1552456218\" class=\"text\">\n\t\t\n\n<h4 class=\"p1\"><strong>Producci\u00f3n\u00a0<\/strong><b>Planificaci\u00f3n<\/b><\/h4>\n\t\t\n<style>\n#text-1552456218 {\n  text-align: center;\n  color: #086037;\n}\n#text-1552456218 > * {\n  color: #086037;\n}\n<\/style>\n\t<\/div>\n\t\n\t<div id=\"gap-129698301\" class=\"gap-element clearfix\" style=\"display:block; height:auto;\">\n\t\t\n<style>\n#gap-129698301 {\n  padding-top: 10px;\n}\n<\/style>\n\t<\/div>\n\t\n\n\n\t\t<\/div>\n\t<\/div>\n\t\n\t\n<p class=\"p1\">Programaci\u00f3n y coordinaci\u00f3n de recursos, materiales y mano de obra para optimizar el flujo de producci\u00f3n y satisfacer las demandas de la empresa.<\/p>\n\t<div id=\"gap-1497067195\" class=\"gap-element clearfix\" style=\"display:block; height:auto;\">\n\t\t\n<style>\n#gap-1497067195 {\n  padding-top: 20px;\n}\n<\/style>\n\t<\/div>\n\t\n\n\n\t\t<\/div>\n\t\t\t\t\n<style>\n#col-627429705 > .col-inner {\n  padding: 0px 10px 0px 10px;\n}\n<\/style>\n\t<\/div>\n\n\t\n\n\t<div id=\"col-1953710832\" class=\"col medium-4 small-12 large-4\"  data-animate=\"fadeInUp\">\n\t\t\t\t<div class=\"col-inner text-center\" style=\"background-color:rgba(59, 172, 119, 0.099);\" >\n\t\t\t\n\t\t\t\n\n\t<div id=\"gap-1851685807\" class=\"gap-element clearfix\" style=\"display:block; height:auto;\">\n\t\t\n<style>\n#gap-1851685807 {\n  padding-top: 20px;\n}\n<\/style>\n\t<\/div>\n\t\n\n\n\t\t<div class=\"icon-box featured-box icon-box-top text-left\"  >\n\t\t\t\t\t<div class=\"icon-box-img\" style=\"width: 106px\">\n\t\t\t\t<div class=\"icon\">\n\t\t\t\t\t<div class=\"icon-inner\" >\n\t\t\t\t\t\t<img decoding=\"async\" width=\"300\" height=\"300\" src=\"https:\/\/ubisasia.com\/wp-content\/uploads\/2025\/11\/Process-Engineering-300x300.png\" class=\"attachment-medium size-medium\" alt=\"\" srcset=\"https:\/\/ubisasia.com\/wp-content\/uploads\/2025\/11\/Process-Engineering-300x300.png 300w, https:\/\/ubisasia.com\/wp-content\/uploads\/2025\/11\/Process-Engineering-1024x1024.png 1024w, https:\/\/ubisasia.com\/wp-content\/uploads\/2025\/11\/Process-Engineering-150x150.png 150w, https:\/\/ubisasia.com\/wp-content\/uploads\/2025\/11\/Process-Engineering-768x768.png 768w, https:\/\/ubisasia.com\/wp-content\/uploads\/2025\/11\/Process-Engineering-247x247.png 247w, https:\/\/ubisasia.com\/wp-content\/uploads\/2025\/11\/Process-Engineering-510x510.png 510w, https:\/\/ubisasia.com\/wp-content\/uploads\/2025\/11\/Process-Engineering-100x100.png 100w, https:\/\/ubisasia.com\/wp-content\/uploads\/2025\/11\/Process-Engineering.png 1080w\" sizes=\"(max-width: 300px) 100vw, 300px\" \/>\t\t\t\t\t<\/div>\n\t\t\t\t<\/div>\n\t\t\t<\/div>\n\t\t\t\t<div class=\"icon-box-text last-reset\">\n\t\t\t\t\t\t\t\t\t\n\n\t<div id=\"text-1326717957\" class=\"text\">\n\t\t\n\n<h4 class=\"p1\"><strong>Ingenier\u00eda de procesos<\/strong><\/h4>\n\t\t\n<style>\n#text-1326717957 {\n  text-align: center;\n  color: #086037;\n}\n#text-1326717957 > * {\n  color: #086037;\n}\n<\/style>\n\t<\/div>\n\t\n\t<div id=\"gap-1999049897\" class=\"gap-element clearfix\" style=\"display:block; height:auto;\">\n\t\t\n<style>\n#gap-1999049897 {\n  padding-top: 10px;\n}\n<\/style>\n\t<\/div>\n\t\n\n\n\t\t<\/div>\n\t<\/div>\n\t\n\t\n<p class=\"p1\">Dise\u00f1ar, mejorar y supervisar los procesos de fabricaci\u00f3n para aumentar la eficacia, reducir los residuos y garantizar una calidad constante de los productos.<\/p>\n\t<div id=\"gap-688019692\" class=\"gap-element clearfix\" style=\"display:block; height:auto;\">\n\t\t\n<style>\n#gap-688019692 {\n  padding-top: 20px;\n}\n<\/style>\n\t<\/div>\n\t\n\n\n\t\t<\/div>\n\t\t\t\t\n<style>\n#col-1953710832 > .col-inner {\n  padding: 0px 10px 0px 10px;\n}\n<\/style>\n\t<\/div>\n\n\t\n\n<\/div>\n\n\t\t<\/div>\n\n\t\t\n<style>\n#section_462032053 {\n  padding-top: 0px;\n  padding-bottom: 0px;\n}\n@media (min-width:550px) {\n  #section_462032053 {\n    padding-top: 30px;\n    padding-bottom: 30px;\n  }\n}\n<\/style>\n\t<\/section>\n\t\n\n\n\t<section class=\"section\" id=\"section_961418653\">\n\t\t<div class=\"section-bg fill\" >\n\t\t\t<img decoding=\"async\" width=\"2560\" height=\"1920\" src=\"https:\/\/ubisasia.com\/wp-content\/uploads\/2025\/07\/S__33406994-scaled.jpg\" class=\"bg attachment-original size-original\" alt=\"\" \/>\t\t\t\t\t\t<div class=\"section-bg-overlay absolute fill\"><\/div>\n\t\t\t\n\n\t\t<\/div>\n\n\t\t\n\n\t\t<div class=\"section-content relative\">\n\t\t\t\n\n\n  <div class=\"banner has-hover\" id=\"banner-1203422603\">\n          <div class=\"banner-inner fill\">\n        <div class=\"banner-bg fill\" >\n            <img decoding=\"async\" width=\"1020\" height=\"574\" src=\"https:\/\/ubisasia.com\/wp-content\/uploads\/2025\/11\/IMG_7426-2-1024x576.webp\" class=\"bg attachment-large size-large\" alt=\"\" \/>                        <div class=\"overlay\"><\/div>            \n                    <\/div>\n\t\t\n        <div class=\"banner-layers container\">\n            <div class=\"fill banner-link\"><\/div>            \n\n   <div id=\"text-box-51109010\" class=\"text-box banner-layer x85 md-x95 lg-x95 y50 md-y50 lg-y50 res-text\">\n                                <div class=\"text-box-content text\">\n              \n              <div class=\"text-inner text-center\">\n                  \n\n\t<div id=\"text-2895949996\" class=\"text\">\n\t\t\n\n<h2 class=\"uppercase\"><strong>\u00daNETE A NUESTRA COMUNIDAD<\/strong><\/h2>\n\t\t\n<style>\n#text-2895949996 {\n  text-align: center;\n  color: #086037;\n}\n#text-2895949996 > * {\n  color: #086037;\n}\n<\/style>\n\t<\/div>\n\t\n\t<div id=\"text-3104953687\" class=\"text\">\n\t\t\n\n<h5>Su pr\u00f3xima gran oportunidad est\u00e1 a un solo clic<\/h5>\n\t\t\n<style>\n#text-3104953687 {\n  text-align: center;\n}\n<\/style>\n\t<\/div>\n\t\n<a data-animate=\"fadeInLeft\" href=\"https:\/\/www.linkedin.com\/company\/ubisasia\/?originalSubdomain=th\" target=\"_blank\" class=\"button primary\" rel=\"noopener\">\n\t\t<span>M\u00e1s informaci\u00f3n sobre UBIS en Linkedin<\/span>\n\t<\/a>\n\n\n\n              <\/div>\n           <\/div>\n                            \n<style>\n#text-box-51109010 {\n  width: 68%;\n}\n#text-box-51109010 .text-box-content {\n  font-size: 100%;\n}\n@media (min-width:550px) {\n  #text-box-51109010 {\n    width: 44%;\n  }\n}\n<\/style>\n    <\/div>\n \n   <div id=\"text-box-1865015584\" class=\"text-box banner-layer x5 md-x5 lg-x5 y50 md-y50 lg-y50 res-text\">\n                                <div class=\"text-box-content text dark\">\n              \n              <div class=\"text-inner text-center\">\n                  \n\n\t<div class=\"img has-hover hide-for-small x md-x lg-x y md-y lg-y\" id=\"image_1412894100\">\n\t\t\t\t\t\t\t\t<div class=\"img-inner image-fade-in dark\" >\n\t\t\t<img decoding=\"async\" width=\"1020\" height=\"574\" src=\"https:\/\/ubisasia.com\/wp-content\/uploads\/2025\/11\/IMG_7426-2-1024x576.webp\" class=\"attachment-large size-large\" alt=\"\" srcset=\"https:\/\/ubisasia.com\/wp-content\/uploads\/2025\/11\/IMG_7426-2-1024x576.webp 1024w, https:\/\/ubisasia.com\/wp-content\/uploads\/2025\/11\/IMG_7426-2-300x169.webp 300w, https:\/\/ubisasia.com\/wp-content\/uploads\/2025\/11\/IMG_7426-2-768x432.webp 768w, https:\/\/ubisasia.com\/wp-content\/uploads\/2025\/11\/IMG_7426-2-1536x864.webp 1536w, https:\/\/ubisasia.com\/wp-content\/uploads\/2025\/11\/IMG_7426-2-scaled.webp 2048w, https:\/\/ubisasia.com\/wp-content\/uploads\/2025\/11\/IMG_7426-2-510x287.webp 510w\" sizes=\"(max-width: 1020px) 100vw, 1020px\" \/>\t\t\t\t\t\t\n\t\t\t\t\t<\/div>\n\t\t\t\t\t\t\t\t\n<style>\n#image_1412894100 {\n  width: 100%;\n}\n<\/style>\n\t<\/div>\n\t\n\n\n              <\/div>\n           <\/div>\n                            \n<style>\n#text-box-1865015584 {\n  width: 41%;\n}\n#text-box-1865015584 .text-box-content {\n  font-size: 100%;\n}\n<\/style>\n    <\/div>\n \n\n        <\/div>\n      <\/div>\n\n            \n<style>\n#banner-1203422603 {\n  padding-top: 300px;\n  background-color: rgb(255, 255, 255);\n}\n#banner-1203422603 .overlay {\n  background-color: rgba(246, 246, 246, 0.901);\n}\n@media (min-width:550px) {\n  #banner-1203422603 {\n    padding-top: 400px;\n  }\n}\n<\/style>\n  <\/div>\n\n\n\n\t\t<\/div>\n\n\t\t\n<style>\n#section_961418653 {\n  padding-top: 0px;\n  padding-bottom: 0px;\n}\n#section_961418653 .section-bg-overlay {\n  background-color: rgba(2, 104, 56, 0.878);\n}\n<\/style>\n\t<\/section>","protected":false},"excerpt":{"rendered":"","protected":false},"author":2,"featured_media":1340,"parent":44,"menu_order":0,"comment_status":"closed","ping_status":"closed","template":"page-blank.php","meta":{"footnotes":""},"class_list":["post-8102","page","type-page","status-publish","has-post-thumbnail","hentry"],"_links":{"self":[{"href":"https:\/\/ubisasia.com\/es\/wp-json\/wp\/v2\/pages\/8102","targetHints":{"allow":["GET"]}}],"collection":[{"href":"https:\/\/ubisasia.com\/es\/wp-json\/wp\/v2\/pages"}],"about":[{"href":"https:\/\/ubisasia.com\/es\/wp-json\/wp\/v2\/types\/page"}],"author":[{"embeddable":true,"href":"https:\/\/ubisasia.com\/es\/wp-json\/wp\/v2\/users\/2"}],"replies":[{"embeddable":true,"href":"https:\/\/ubisasia.com\/es\/wp-json\/wp\/v2\/comments?post=8102"}],"version-history":[{"count":5,"href":"https:\/\/ubisasia.com\/es\/wp-json\/wp\/v2\/pages\/8102\/revisions"}],"predecessor-version":[{"id":8255,"href":"https:\/\/ubisasia.com\/es\/wp-json\/wp\/v2\/pages\/8102\/revisions\/8255"}],"up":[{"embeddable":true,"href":"https:\/\/ubisasia.com\/es\/wp-json\/wp\/v2\/pages\/44"}],"wp:featuredmedia":[{"embeddable":true,"href":"https:\/\/ubisasia.com\/es\/wp-json\/wp\/v2\/media\/1340"}],"wp:attachment":[{"href":"https:\/\/ubisasia.com\/es\/wp-json\/wp\/v2\/media?parent=8102"}],"curies":[{"name":"wp","href":"https:\/\/api.w.org\/{rel}","templated":true}]}}