{"id":8073,"date":"2025-11-19T15:44:29","date_gmt":"2025-11-19T08:44:29","guid":{"rendered":"https:\/\/ubisasia.com\/?page_id=8073"},"modified":"2026-03-09T16:22:26","modified_gmt":"2026-03-09T09:22:26","slug":"quality","status":"publish","type":"page","link":"https:\/\/ubisasia.com\/es\/people\/quality\/","title":{"rendered":"Calidad"},"content":{"rendered":"<div class=\"banner has-hover bg-overlay-remove\" id=\"banner-1404621063\">\n          <div class=\"banner-inner fill\">\n        <div class=\"banner-bg fill\" >\n            <img decoding=\"async\" width=\"1800\" height=\"600\" src=\"https:\/\/ubisasia.com\/wp-content\/uploads\/2026\/03\/\u00a1-2.png\" class=\"bg attachment-original size-original\" alt=\"UBIS Quality\" \/>                        <div class=\"overlay\"><\/div>            \n                    <\/div>\n\t\t\n        <div class=\"banner-layers container\">\n            <div class=\"fill banner-link\"><\/div>            \n\n   <div id=\"text-box-1528524760\" class=\"text-box banner-layer x50 md-x90 lg-x90 y50 md-y50 lg-y50 res-text\">\n                                <div class=\"text-box-content text dark\">\n              \n              <div class=\"text-inner text-center\">\n                  \n\n\t<div id=\"text-1895134131\" class=\"text\">\n\t\t\n\n<h2 class=\"p1\"><strong>Calidad<\/strong><\/h2>\n<p class=\"p1\">Excelencia en cada detalle<\/p>\n\t\t\n<style>\n#text-1895134131 {\n  font-size: 1rem;\n  line-height: 1.1;\n  text-align: left;\n  color: rgb(255,255,255);\n}\n#text-1895134131 > * {\n  color: rgb(255,255,255);\n}\n<\/style>\n\t<\/div>\n\t\n\n              <\/div>\n           <\/div>\n                            \n<style>\n#text-box-1528524760 {\n  width: 80%;\n}\n#text-box-1528524760 .text-box-content {\n  font-size: 100%;\n}\n@media (min-width:550px) {\n  #text-box-1528524760 {\n    width: 40%;\n  }\n}\n<\/style>\n    <\/div>\n \n\n        <\/div>\n      <\/div>\n\n            \n<style>\n#banner-1404621063 {\n  padding-top: 400px;\n}\n#banner-1404621063 .overlay {\n  background-color: rgba(143, 143, 143, 0.494);\n}\n#banner-1404621063 .banner-bg img {\n  object-position: 0% 20%;\n}\n@media (min-width:550px) {\n  #banner-1404621063 {\n    padding-top: 400px;\n  }\n}\n<\/style>\n  <\/div>\n\n\n\n\t<section class=\"section\" id=\"section_1297639281\">\n\t\t<div class=\"section-bg fill\" >\n\t\t\t\t\t\t\t\t\t\n\t\t\t\n\n\t\t<\/div>\n\n\t\t\n\n\t\t<div class=\"section-content relative\">\n\t\t\t\n\n<div class=\"row align-center\"  id=\"row-2120458345\">\n\n\n\t<div id=\"col-886970931\" class=\"col medium-10 small-12 large-12\"  data-animate=\"fadeInRight\">\n\t\t\t\t<div class=\"col-inner\"  >\n\t\t\t\n\t\t\t\n\n\t<div id=\"gap-1329716138\" class=\"gap-element clearfix 50\" style=\"display:block; height:auto;\">\n\t\t\n<style>\n#gap-1329716138 {\n  padding-top: 32px;\n}\n<\/style>\n\t<\/div>\n\t\n\n\t<div id=\"text-2039236757\" class=\"text\">\n\t\t\n\n<p><a href=\"\/es\/people\/\">Personas<\/a> | <strong>Calidad<\/strong><\/p>\n\t\t\n<style>\n#text-2039236757 {\n  color: #086037;\n}\n#text-2039236757 > * {\n  color: #086037;\n}\n<\/style>\n\t<\/div>\n\t\n\t<div id=\"text-2378561892\" class=\"text\">\n\t\t\n\n<p><strong>En la UBIS, <\/strong>nuestro equipo de Calidad garantiza que cada producto cumpla las normas m\u00e1s estrictas mediante rigurosas pr\u00e1cticas de Garant\u00eda de Calidad (QA) y Control de Calidad (QC). Nos dedicamos a ofrecer productos seguros, fiables y homog\u00e9neos que se ganan la confianza de nuestros clientes y socios.<\/p>\n<div>\u00a0<\/div>\n<div>Como socio de excelencia del producto, el equipo de control de calidad y garant\u00eda de calidad trabaja en estrecha colaboraci\u00f3n con I+D, operaciones de f\u00e1brica y normas centralizadas para integrar la calidad en todas las fases del ciclo de vida del producto. Defendemos la resoluci\u00f3n proactiva de problemas, el cumplimiento y la mejora continua en todos los procesos.<\/div>\n\t\t\n<style>\n#text-2378561892 {\n  text-align: left;\n}\n<\/style>\n\t<\/div>\n\t\n\n\t\t<\/div>\n\t\t\t\t\n<style>\n#col-886970931 > .col-inner {\n  margin: 0px 0px -30px 0px;\n}\n<\/style>\n\t<\/div>\n\n\t\n\n<\/div>\n\n\t\t<\/div>\n\n\t\t\n<style>\n#section_1297639281 {\n  padding-top: 0px;\n  padding-bottom: 0px;\n}\n<\/style>\n\t<\/section>\n\t\n\n\t<section class=\"section\" id=\"section_492819292\">\n\t\t<div class=\"section-bg fill\" >\n\t\t\t\t\t\t\t\t\t\n\t\t\t\n\n\t\t<\/div>\n\n\t\t\n\n\t\t<div class=\"section-content relative\">\n\t\t\t\n\n<div class=\"row align-middle\"  id=\"row-940399626\">\n\n\n\t<div id=\"col-975923569\" class=\"col medium-6 small-12 large-6\"  data-animate=\"fadeInLeft\">\n\t\t\t\t<div class=\"col-inner\"  >\n\t\t\t\n\t\t\t\n\n\t<div id=\"ux-lottie-2830039840\" class=\"ux-lottie\" >\n\t\t\t\t<lottie-player class=\"ux-lottie__player\" data-params=\"{&quot;src&quot;:&quot;https:\\\/\\\/ubisasia.com\\\/wp-content\\\/uploads\\\/2025\\\/11\\\/testing-ibis-1.json&quot;,&quot;loop&quot;:true,&quot;autoplay&quot;:true,&quot;controls&quot;:false,&quot;speed&quot;:&quot;1&quot;,&quot;direction&quot;:1,&quot;trigger&quot;:&quot;&quot;,&quot;mouseout&quot;:&quot;&quot;,&quot;start&quot;:0,&quot;end&quot;:100,&quot;scrollActionType&quot;:&quot;seek&quot;,&quot;visibilityStart&quot;:0,&quot;visibilityEnd&quot;:100,&quot;id&quot;:&quot;ux-lottie-2830039840&quot;}\" ><\/lottie-player>\n\t\t\t\t\n<style>\n#ux-lottie-2830039840 {\n  width: 100%;\n  height: 300px;\n}\n<\/style>\n\t<\/div>\n\t\n\n\n\t\t<\/div>\n\t\t\t\t\t<\/div>\n\n\t\n\n\t<div id=\"col-536648178\" class=\"col medium-6 small-12 large-6\"  data-animate=\"bounceIn\">\n\t\t\t\t<div class=\"col-inner\"  >\n\t\t\t\n\t\t\t\n\n\t<div id=\"text-895111279\" class=\"text\">\n\t\t\n\n<h3 class=\"p1\"><strong>Entre otras cosas, ser\u00e1 responsable de :<\/strong><\/h3>\n\t\t\n<style>\n#text-895111279 {\n  color: #086037;\n}\n#text-895111279 > * {\n  color: #086037;\n}\n<\/style>\n\t<\/div>\n\t\n<ul>\n<li>Implantaci\u00f3n y mantenimiento de sistemas de control de calidad para garantizar la coherencia de los procesos.<\/li>\n<li>Realizaci\u00f3n de inspecciones de control de calidad y pruebas de productos para mantener las normas<\/li>\n<li>Colaboraci\u00f3n con I+D y Operaciones para prevenir defectos y mejorar los procesos<\/li>\n<li>Garantizar el cumplimiento de la normativa local e internacional en materia de calidad<\/li>\n<li>Impulsar iniciativas de mejora continua en producci\u00f3n y pruebas<\/li>\n<li>Apoyo a la satisfacci\u00f3n del cliente mediante productos fiables y de alta calidad<\/li>\n<\/ul>\n\n\t\t<\/div>\n\t\t\t\t\t<\/div>\n\n\t\n\n<\/div>\n\n\t\t<\/div>\n\n\t\t\n<style>\n#section_492819292 {\n  padding-top: 30px;\n  padding-bottom: 30px;\n}\n<\/style>\n\t<\/section>\n\t\n\n\t<section class=\"section\" id=\"section_1609667617\">\n\t\t<div class=\"section-bg fill\" >\n\t\t\t\t\t\t\t\t\t<div class=\"section-bg-overlay absolute fill\"><\/div>\n\t\t\t\n\n\t\t<\/div>\n\n\t\t\n\n\t\t<div class=\"section-content relative\">\n\t\t\t\n\n<div class=\"row align-center\"  id=\"row-1268492315\">\n\n\n\t<div id=\"col-776849525\" class=\"col medium-10 small-12 large-10\"  >\n\t\t\t\t<div class=\"col-inner\"  >\n\t\t\t\n\t\t\t\n\n\t<div id=\"gap-1499217913\" class=\"gap-element clearfix\" style=\"display:block; height:auto;\">\n\t\t\n<style>\n#gap-1499217913 {\n  padding-top: 31px;\n}\n<\/style>\n\t<\/div>\n\t\n\n<div class=\"row align-center\"  id=\"row-1267961824\">\n\n\n\t<div id=\"col-1810113613\" class=\"col medium-8 small-12 large-8\"  data-animate=\"fadeInUp\">\n\t\t\t\t<div class=\"col-inner\"  >\n\t\t\t\n\t\t\t\n\n\t<div id=\"text-3956713042\" class=\"text\">\n\t\t\n\n<h2><strong><span class=\"brand-color-primary\">Crecimiento profesional<\/span><\/strong><\/h2>\n\t\t\n<style>\n#text-3956713042 {\n  font-size: 1.5rem;\n  text-align: center;\n  color: #086037;\n}\n#text-3956713042 > * {\n  color: #086037;\n}\n<\/style>\n\t<\/div>\n\t\n\n\t\t<\/div>\n\t\t\t\t\n<style>\n#col-1810113613 > .col-inner {\n  margin: 0px 0px -30px 0px;\n}\n<\/style>\n\t<\/div>\n\n\t\n\n<\/div>\n<div class=\"row align-center\"  id=\"row-1293071907\">\n\n\n\t<div id=\"col-654244479\" class=\"col small-12 large-12\"  data-animate=\"fadeInUp\">\n\t\t\t\t<div class=\"col-inner\"  >\n\t\t\t\n\t\t\t\n\n\t<div id=\"gap-410963732\" class=\"gap-element clearfix\" style=\"display:block; height:auto;\">\n\t\t\n<style>\n#gap-410963732 {\n  padding-top: 30px;\n}\n<\/style>\n\t<\/div>\n\t\n\n\t<div id=\"ux-lottie-1745384112\" class=\"ux-lottie\" >\n\t\t\t\t<lottie-player class=\"ux-lottie__player\" data-params=\"{&quot;src&quot;:&quot;https:\\\/\\\/ubisasia.com\\\/wp-content\\\/uploads\\\/2025\\\/11\\\/career-growth-2-2.json&quot;,&quot;loop&quot;:true,&quot;autoplay&quot;:true,&quot;controls&quot;:false,&quot;speed&quot;:&quot;1&quot;,&quot;direction&quot;:1,&quot;trigger&quot;:&quot;&quot;,&quot;mouseout&quot;:&quot;&quot;,&quot;start&quot;:0,&quot;end&quot;:100,&quot;scrollActionType&quot;:&quot;seek&quot;,&quot;visibilityStart&quot;:0,&quot;visibilityEnd&quot;:100,&quot;id&quot;:&quot;ux-lottie-1745384112&quot;}\" ><\/lottie-player>\n\t\t\t\t\n<style>\n#ux-lottie-1745384112 {\n  width: 100%;\n  height: 150px;\n}\n<\/style>\n\t<\/div>\n\t\n\n\t<div id=\"gap-1441308251\" class=\"gap-element clearfix\" style=\"display:block; height:auto;\">\n\t\t\n<style>\n#gap-1441308251 {\n  padding-top: 30px;\n}\n<\/style>\n\t<\/div>\n\t\n\n\t<div id=\"text-1130782955\" class=\"text\">\n\t\t\n\n<p>Unirse a QA\/QC proporciona un desarrollo a medida en metodolog\u00edas de garant\u00eda de calidad, t\u00e9cnicas de inspecci\u00f3n y normas de cumplimiento. Tendr\u00e1 acceso a formaci\u00f3n y certificaciones que le preparar\u00e1n para puestos avanzados en gesti\u00f3n de calidad y liderazgo en aseguramiento de productos.<\/p>\n\t\t\n<style>\n#text-1130782955 {\n  text-align: center;\n}\n<\/style>\n\t<\/div>\n\t\n\n\t\t<\/div>\n\t\t\t\t\n<style>\n#col-654244479 > .col-inner {\n  margin: 0px 0px -40px 0px;\n}\n<\/style>\n\t<\/div>\n\n\t\n\n<\/div>\n\n\t\t<\/div>\n\t\t\t\t\t<\/div>\n\n\t\n\n<\/div>\n\n\t\t<\/div>\n\n\t\t\n<style>\n#section_1609667617 {\n  padding-top: 0px;\n  padding-bottom: 0px;\n}\n#section_1609667617 .section-bg-overlay {\n  background-color: rgb(247, 247, 247);\n}\n<\/style>\n\t<\/section>\n\t\n\n\t<section class=\"section\" id=\"section_547204463\">\n\t\t<div class=\"section-bg fill\" >\n\t\t\t\t\t\t\t\t\t\n\t\t\t\n\t<div class=\"is-border\"\n\t\tstyle=\"border-width:0px 0px 0px 0px;margin:0px 0px 0px 0px;\">\n\t<\/div>\n\n\t\t<\/div>\n\n\t\t\n\n\t\t<div class=\"section-content relative\">\n\t\t\t\n\n<div class=\"row align-middle align-center\"  id=\"row-472347603\">\n\n\n\t<div id=\"col-433019897\" class=\"col medium-10 small-12 large-8\"  data-animate=\"fadeInUp\">\n\t\t\t\t<div class=\"col-inner\"  >\n\t\t\t\n\t\t\t\n\n\t<div id=\"text-4292549022\" class=\"text\">\n\t\t\n\n<h2><strong>Disciplinas UBIS<\/strong><\/h2>\n\t\t\n<style>\n#text-4292549022 {\n  font-size: 1.5rem;\n  text-align: center;\n  color: #086037;\n}\n#text-4292549022 > * {\n  color: #086037;\n}\n<\/style>\n\t<\/div>\n\t\n<div class=\"is-divider divider clearfix\" style=\"max-width:6000px;height:2px;\"><\/div>\n\n\t<div id=\"text-821501410\" class=\"text\">\n\t\t\n\n<p>La disciplina de Calidad garantiza que la UBIS suministra productos que cumplen sistem\u00e1ticamente las normas m\u00e1s estrictas de seguridad, fiabilidad y rendimiento. A trav\u00e9s de la Garant\u00eda de Calidad (QA) y el Control de Calidad (QC), el equipo incorpora la excelencia en cada etapa del ciclo de vida del producto.<\/p>\n<p><strong>Abarca varias \u00e1reas clave:<\/strong><\/p>\n\t\t\n<style>\n#text-821501410 {\n  text-align: center;\n}\n<\/style>\n\t<\/div>\n\t\n\n\t\t<\/div>\n\t\t\t\t\n<style>\n#col-433019897 > .col-inner {\n  margin: 0px 0px -30px 0px;\n}\n<\/style>\n\t<\/div>\n\n\t\n\n<\/div>\n<div class=\"row align-center\"  id=\"row-1937111999\">\n\n\n\t<div id=\"col-1961717780\" class=\"col medium-4 small-12 large-4\"  data-animate=\"fadeInUp\">\n\t\t\t\t<div class=\"col-inner text-center\" style=\"background-color:rgba(59, 172, 119, 0.099);\" >\n\t\t\t\n\t\t\t\n\n\t<div id=\"gap-226336002\" class=\"gap-element clearfix\" style=\"display:block; height:auto;\">\n\t\t\n<style>\n#gap-226336002 {\n  padding-top: 20px;\n}\n<\/style>\n\t<\/div>\n\t\n\n\n\t\t<div class=\"icon-box featured-box icon-box-top text-left\"  >\n\t\t\t\t\t<div class=\"icon-box-img\" style=\"width: 106px\">\n\t\t\t\t<div class=\"icon\">\n\t\t\t\t\t<div class=\"icon-inner\" >\n\t\t\t\t\t\t<img decoding=\"async\" width=\"300\" height=\"300\" src=\"https:\/\/ubisasia.com\/wp-content\/uploads\/2025\/11\/Quality-Assurance-QA-300x300.png\" class=\"attachment-medium size-medium\" alt=\"\" srcset=\"https:\/\/ubisasia.com\/wp-content\/uploads\/2025\/11\/Quality-Assurance-QA-300x300.png 300w, https:\/\/ubisasia.com\/wp-content\/uploads\/2025\/11\/Quality-Assurance-QA-1024x1024.png 1024w, https:\/\/ubisasia.com\/wp-content\/uploads\/2025\/11\/Quality-Assurance-QA-150x150.png 150w, https:\/\/ubisasia.com\/wp-content\/uploads\/2025\/11\/Quality-Assurance-QA-768x768.png 768w, https:\/\/ubisasia.com\/wp-content\/uploads\/2025\/11\/Quality-Assurance-QA-247x247.png 247w, https:\/\/ubisasia.com\/wp-content\/uploads\/2025\/11\/Quality-Assurance-QA-510x510.png 510w, https:\/\/ubisasia.com\/wp-content\/uploads\/2025\/11\/Quality-Assurance-QA-100x100.png 100w, https:\/\/ubisasia.com\/wp-content\/uploads\/2025\/11\/Quality-Assurance-QA.png 1080w\" sizes=\"(max-width: 300px) 100vw, 300px\" \/>\t\t\t\t\t<\/div>\n\t\t\t\t<\/div>\n\t\t\t<\/div>\n\t\t\t\t<div class=\"icon-box-text last-reset\">\n\t\t\t\t\t\t\t\t\t\n\n\t<div id=\"text-998069783\" class=\"text\">\n\t\t\n\n<h4 class=\"p1\"><strong>Garant\u00eda de calidad<\/strong><\/h4>\n\t\t\n<style>\n#text-998069783 {\n  text-align: center;\n  color: #086037;\n}\n#text-998069783 > * {\n  color: #086037;\n}\n<\/style>\n\t<\/div>\n\t\n\t<div id=\"gap-1856780334\" class=\"gap-element clearfix\" style=\"display:block; height:auto;\">\n\t\t\n<style>\n#gap-1856780334 {\n  padding-top: 10px;\n}\n<\/style>\n\t<\/div>\n\t\n\n\n\t\t<\/div>\n\t<\/div>\n\t\n\t\n<p class=\"p1\">Establecer y mantener sistemas de gesti\u00f3n de la calidad, auditor\u00edas y controles de procesos para evitar defectos.<\/p>\n\n\t<div id=\"gap-1395050795\" class=\"gap-element clearfix\" style=\"display:block; height:auto;\">\n\t\t\n<style>\n#gap-1395050795 {\n  padding-top: 20px;\n}\n<\/style>\n\t<\/div>\n\t\n\n\n\t\t<\/div>\n\t\t\t\t\n<style>\n#col-1961717780 > .col-inner {\n  padding: 0px 10px 0px 10px;\n}\n<\/style>\n\t<\/div>\n\n\t\n\n\t<div id=\"col-1128111124\" class=\"col medium-4 small-12 large-4\"  data-animate=\"fadeInUp\">\n\t\t\t\t<div class=\"col-inner text-center\" style=\"background-color:rgba(59, 172, 119, 0.099);\" >\n\t\t\t\n\t\t\t\n\n\t<div id=\"gap-1148307205\" class=\"gap-element clearfix\" style=\"display:block; height:auto;\">\n\t\t\n<style>\n#gap-1148307205 {\n  padding-top: 20px;\n}\n<\/style>\n\t<\/div>\n\t\n\n\n\t\t<div class=\"icon-box featured-box icon-box-top text-left\"  >\n\t\t\t\t\t<div class=\"icon-box-img\" style=\"width: 106px\">\n\t\t\t\t<div class=\"icon\">\n\t\t\t\t\t<div class=\"icon-inner\" >\n\t\t\t\t\t\t<img decoding=\"async\" width=\"300\" height=\"300\" src=\"https:\/\/ubisasia.com\/wp-content\/uploads\/2025\/11\/Quality-Control-QC-300x300.png\" class=\"attachment-medium size-medium\" alt=\"\" srcset=\"https:\/\/ubisasia.com\/wp-content\/uploads\/2025\/11\/Quality-Control-QC-300x300.png 300w, https:\/\/ubisasia.com\/wp-content\/uploads\/2025\/11\/Quality-Control-QC-1024x1024.png 1024w, https:\/\/ubisasia.com\/wp-content\/uploads\/2025\/11\/Quality-Control-QC-150x150.png 150w, https:\/\/ubisasia.com\/wp-content\/uploads\/2025\/11\/Quality-Control-QC-768x768.png 768w, https:\/\/ubisasia.com\/wp-content\/uploads\/2025\/11\/Quality-Control-QC-247x247.png 247w, https:\/\/ubisasia.com\/wp-content\/uploads\/2025\/11\/Quality-Control-QC-510x510.png 510w, https:\/\/ubisasia.com\/wp-content\/uploads\/2025\/11\/Quality-Control-QC-100x100.png 100w, https:\/\/ubisasia.com\/wp-content\/uploads\/2025\/11\/Quality-Control-QC.png 1080w\" sizes=\"(max-width: 300px) 100vw, 300px\" \/>\t\t\t\t\t<\/div>\n\t\t\t\t<\/div>\n\t\t\t<\/div>\n\t\t\t\t<div class=\"icon-box-text last-reset\">\n\t\t\t\t\t\t\t\t\t\n\n\t<div id=\"text-3107719826\" class=\"text\">\n\t\t\n\n<h4 class=\"p1\"><strong>Control de calidad<\/strong><\/h4>\n\t\t\n<style>\n#text-3107719826 {\n  text-align: center;\n  color: #086037;\n}\n#text-3107719826 > * {\n  color: #086037;\n}\n<\/style>\n\t<\/div>\n\t\n\t<div id=\"gap-1110551952\" class=\"gap-element clearfix\" style=\"display:block; height:auto;\">\n\t\t\n<style>\n#gap-1110551952 {\n  padding-top: 10px;\n}\n<\/style>\n\t<\/div>\n\t\n\n\n\t\t<\/div>\n\t<\/div>\n\t\n\t\n<p class=\"p1\">Realizaci\u00f3n de inspecciones, pruebas y controles para garantizar que los productos cumplen las especificaciones y las normas reglamentarias.<\/p>\n\n\t<div id=\"gap-1885352863\" class=\"gap-element clearfix\" style=\"display:block; height:auto;\">\n\t\t\n<style>\n#gap-1885352863 {\n  padding-top: 20px;\n}\n<\/style>\n\t<\/div>\n\t\n\n\n\t\t<\/div>\n\t\t\t\t\n<style>\n#col-1128111124 > .col-inner {\n  padding: 0px 10px 0px 10px;\n}\n<\/style>\n\t<\/div>\n\n\t\n\n\t<div id=\"col-1701344079\" class=\"col medium-4 small-12 large-4\"  data-animate=\"fadeInUp\">\n\t\t\t\t<div class=\"col-inner text-center\" style=\"background-color:rgba(59, 172, 119, 0.099);\" >\n\t\t\t\n\t\t\t\n\n\t<div id=\"gap-2119146104\" class=\"gap-element clearfix\" style=\"display:block; height:auto;\">\n\t\t\n<style>\n#gap-2119146104 {\n  padding-top: 20px;\n}\n<\/style>\n\t<\/div>\n\t\n\n\n\t\t<div class=\"icon-box featured-box icon-box-top text-left\"  >\n\t\t\t\t\t<div class=\"icon-box-img\" style=\"width: 106px\">\n\t\t\t\t<div class=\"icon\">\n\t\t\t\t\t<div class=\"icon-inner\" >\n\t\t\t\t\t\t<img decoding=\"async\" width=\"300\" height=\"300\" src=\"https:\/\/ubisasia.com\/wp-content\/uploads\/2025\/11\/Compliance-Certification-300x300.png\" class=\"attachment-medium size-medium\" alt=\"\" srcset=\"https:\/\/ubisasia.com\/wp-content\/uploads\/2025\/11\/Compliance-Certification-300x300.png 300w, https:\/\/ubisasia.com\/wp-content\/uploads\/2025\/11\/Compliance-Certification-1024x1024.png 1024w, https:\/\/ubisasia.com\/wp-content\/uploads\/2025\/11\/Compliance-Certification-150x150.png 150w, https:\/\/ubisasia.com\/wp-content\/uploads\/2025\/11\/Compliance-Certification-768x768.png 768w, https:\/\/ubisasia.com\/wp-content\/uploads\/2025\/11\/Compliance-Certification-247x247.png 247w, https:\/\/ubisasia.com\/wp-content\/uploads\/2025\/11\/Compliance-Certification-510x510.png 510w, https:\/\/ubisasia.com\/wp-content\/uploads\/2025\/11\/Compliance-Certification-100x100.png 100w, https:\/\/ubisasia.com\/wp-content\/uploads\/2025\/11\/Compliance-Certification.png 1080w\" sizes=\"(max-width: 300px) 100vw, 300px\" \/>\t\t\t\t\t<\/div>\n\t\t\t\t<\/div>\n\t\t\t<\/div>\n\t\t\t\t<div class=\"icon-box-text last-reset\">\n\t\t\t\t\t\t\t\t\t\n\n\t<div id=\"text-1471313993\" class=\"text\">\n\t\t\n\n<h4 class=\"p1\"><strong>Cumplimiento y certificaci\u00f3n<\/strong><\/h4>\n\t\t\n<style>\n#text-1471313993 {\n  text-align: center;\n  color: #086037;\n}\n#text-1471313993 > * {\n  color: #086037;\n}\n<\/style>\n\t<\/div>\n\t\n\t<div id=\"gap-975195302\" class=\"gap-element clearfix\" style=\"display:block; height:auto;\">\n\t\t\n<style>\n#gap-975195302 {\n  padding-top: 10px;\n}\n<\/style>\n\t<\/div>\n\t\n\n\n\t\t<\/div>\n\t<\/div>\n\t\n\t\n<p>Garantizar el cumplimiento de las<br \/>\nuna normativa internacional de calidad<br \/>\ny certificaciones.<\/p>\n\n\t<div id=\"gap-505442661\" class=\"gap-element clearfix\" style=\"display:block; height:auto;\">\n\t\t\n<style>\n#gap-505442661 {\n  padding-top: 20px;\n}\n<\/style>\n\t<\/div>\n\t\n\n\n\t\t<\/div>\n\t\t\t\t\n<style>\n#col-1701344079 > .col-inner {\n  padding: 0px 10px 0px 10px;\n}\n<\/style>\n\t<\/div>\n\n\t\n\n<\/div>\n\n\t\t<\/div>\n\n\t\t\n<style>\n#section_547204463 {\n  padding-top: 0px;\n  padding-bottom: 0px;\n}\n@media (min-width:550px) {\n  #section_547204463 {\n    padding-top: 30px;\n    padding-bottom: 30px;\n  }\n}\n<\/style>\n\t<\/section>\n\t\n\n\n\t<section class=\"section\" id=\"section_958021262\">\n\t\t<div class=\"section-bg fill\" >\n\t\t\t<img decoding=\"async\" width=\"2560\" height=\"1920\" src=\"https:\/\/ubisasia.com\/wp-content\/uploads\/2025\/07\/S__33406994-scaled.jpg\" class=\"bg attachment-original size-original\" alt=\"\" \/>\t\t\t\t\t\t<div class=\"section-bg-overlay absolute fill\"><\/div>\n\t\t\t\n\n\t\t<\/div>\n\n\t\t\n\n\t\t<div class=\"section-content relative\">\n\t\t\t\n\n\n  <div class=\"banner has-hover\" id=\"banner-558320063\">\n          <div class=\"banner-inner fill\">\n        <div class=\"banner-bg fill\" >\n            <img decoding=\"async\" width=\"1020\" height=\"574\" src=\"https:\/\/ubisasia.com\/wp-content\/uploads\/2025\/11\/IMG_7426-2-1024x576.webp\" class=\"bg attachment-large size-large\" alt=\"\" \/>                        <div class=\"overlay\"><\/div>            \n                    <\/div>\n\t\t\n        <div class=\"banner-layers container\">\n            <div class=\"fill banner-link\"><\/div>            \n\n   <div id=\"text-box-1091251659\" class=\"text-box banner-layer x85 md-x95 lg-x95 y50 md-y50 lg-y50 res-text\">\n                                <div class=\"text-box-content text\">\n              \n              <div class=\"text-inner text-center\">\n                  \n\n\t<div id=\"text-3542524313\" class=\"text\">\n\t\t\n\n<h2 class=\"uppercase\"><strong>\u00daNETE A NUESTRA COMUNIDAD<\/strong><\/h2>\n\t\t\n<style>\n#text-3542524313 {\n  text-align: center;\n  color: #086037;\n}\n#text-3542524313 > * {\n  color: #086037;\n}\n<\/style>\n\t<\/div>\n\t\n\t<div id=\"text-2575680639\" class=\"text\">\n\t\t\n\n<h5>Su pr\u00f3xima gran oportunidad est\u00e1 a un solo clic<\/h5>\n\t\t\n<style>\n#text-2575680639 {\n  text-align: center;\n}\n<\/style>\n\t<\/div>\n\t\n<a data-animate=\"fadeInLeft\" href=\"https:\/\/www.linkedin.com\/company\/ubisasia\/?originalSubdomain=th\" target=\"_blank\" class=\"button primary\" rel=\"noopener\">\n\t\t<span>M\u00e1s informaci\u00f3n sobre UBIS en Linkedin<\/span>\n\t<\/a>\n\n\n\n              <\/div>\n           <\/div>\n                            \n<style>\n#text-box-1091251659 {\n  width: 68%;\n}\n#text-box-1091251659 .text-box-content {\n  font-size: 100%;\n}\n@media (min-width:550px) {\n  #text-box-1091251659 {\n    width: 44%;\n  }\n}\n<\/style>\n    <\/div>\n \n   <div id=\"text-box-1244700759\" class=\"text-box banner-layer x5 md-x5 lg-x5 y50 md-y50 lg-y50 res-text\">\n                                <div class=\"text-box-content text dark\">\n              \n              <div class=\"text-inner text-center\">\n                  \n\n\t<div class=\"img has-hover hide-for-small x md-x lg-x y md-y lg-y\" id=\"image_589291207\">\n\t\t\t\t\t\t\t\t<div class=\"img-inner image-fade-in dark\" >\n\t\t\t<img decoding=\"async\" width=\"1020\" height=\"574\" src=\"https:\/\/ubisasia.com\/wp-content\/uploads\/2025\/11\/IMG_7426-2-1024x576.webp\" class=\"attachment-large size-large\" alt=\"\" srcset=\"https:\/\/ubisasia.com\/wp-content\/uploads\/2025\/11\/IMG_7426-2-1024x576.webp 1024w, https:\/\/ubisasia.com\/wp-content\/uploads\/2025\/11\/IMG_7426-2-300x169.webp 300w, https:\/\/ubisasia.com\/wp-content\/uploads\/2025\/11\/IMG_7426-2-768x432.webp 768w, https:\/\/ubisasia.com\/wp-content\/uploads\/2025\/11\/IMG_7426-2-1536x864.webp 1536w, https:\/\/ubisasia.com\/wp-content\/uploads\/2025\/11\/IMG_7426-2-scaled.webp 2048w, https:\/\/ubisasia.com\/wp-content\/uploads\/2025\/11\/IMG_7426-2-510x287.webp 510w\" sizes=\"(max-width: 1020px) 100vw, 1020px\" \/>\t\t\t\t\t\t\n\t\t\t\t\t<\/div>\n\t\t\t\t\t\t\t\t\n<style>\n#image_589291207 {\n  width: 100%;\n}\n<\/style>\n\t<\/div>\n\t\n\n\n              <\/div>\n           <\/div>\n                            \n<style>\n#text-box-1244700759 {\n  width: 41%;\n}\n#text-box-1244700759 .text-box-content {\n  font-size: 100%;\n}\n<\/style>\n    <\/div>\n \n\n        <\/div>\n      <\/div>\n\n            \n<style>\n#banner-558320063 {\n  padding-top: 300px;\n  background-color: rgb(255, 255, 255);\n}\n#banner-558320063 .overlay {\n  background-color: rgba(246, 246, 246, 0.901);\n}\n@media (min-width:550px) {\n  #banner-558320063 {\n    padding-top: 400px;\n  }\n}\n<\/style>\n  <\/div>\n\n\n\n\t\t<\/div>\n\n\t\t\n<style>\n#section_958021262 {\n  padding-top: 0px;\n  padding-bottom: 0px;\n}\n#section_958021262 .section-bg-overlay {\n  background-color: rgba(2, 104, 56, 0.878);\n}\n<\/style>\n\t<\/section>","protected":false},"excerpt":{"rendered":"","protected":false},"author":2,"featured_media":1340,"parent":44,"menu_order":0,"comment_status":"closed","ping_status":"closed","template":"page-blank.php","meta":{"footnotes":""},"class_list":["post-8073","page","type-page","status-publish","has-post-thumbnail","hentry"],"_links":{"self":[{"href":"https:\/\/ubisasia.com\/es\/wp-json\/wp\/v2\/pages\/8073","targetHints":{"allow":["GET"]}}],"collection":[{"href":"https:\/\/ubisasia.com\/es\/wp-json\/wp\/v2\/pages"}],"about":[{"href":"https:\/\/ubisasia.com\/es\/wp-json\/wp\/v2\/types\/page"}],"author":[{"embeddable":true,"href":"https:\/\/ubisasia.com\/es\/wp-json\/wp\/v2\/users\/2"}],"replies":[{"embeddable":true,"href":"https:\/\/ubisasia.com\/es\/wp-json\/wp\/v2\/comments?post=8073"}],"version-history":[{"count":7,"href":"https:\/\/ubisasia.com\/es\/wp-json\/wp\/v2\/pages\/8073\/revisions"}],"predecessor-version":[{"id":8445,"href":"https:\/\/ubisasia.com\/es\/wp-json\/wp\/v2\/pages\/8073\/revisions\/8445"}],"up":[{"embeddable":true,"href":"https:\/\/ubisasia.com\/es\/wp-json\/wp\/v2\/pages\/44"}],"wp:featuredmedia":[{"embeddable":true,"href":"https:\/\/ubisasia.com\/es\/wp-json\/wp\/v2\/media\/1340"}],"wp:attachment":[{"href":"https:\/\/ubisasia.com\/es\/wp-json\/wp\/v2\/media?parent=8073"}],"curies":[{"name":"wp","href":"https:\/\/api.w.org\/{rel}","templated":true}]}}