{"id":8066,"date":"2025-11-19T15:38:44","date_gmt":"2025-11-19T08:38:44","guid":{"rendered":"https:\/\/ubisasia.com\/?page_id=8066"},"modified":"2026-01-16T10:05:31","modified_gmt":"2026-01-16T03:05:31","slug":"customer-technical-service","status":"publish","type":"page","link":"https:\/\/ubisasia.com\/es\/people\/customer-technical-service\/","title":{"rendered":"Servicio T\u00e9cnico al Cliente"},"content":{"rendered":"<div class=\"banner has-hover bg-fade-out bg-overlay-remove\" id=\"banner-1607807245\">\n          <div class=\"banner-inner fill\">\n        <div class=\"banner-bg fill\" >\n            <img decoding=\"async\" width=\"1800\" height=\"600\" src=\"https:\/\/ubisasia.com\/wp-content\/uploads\/2025\/11\/Customer-Technical-Service-.png\" class=\"bg attachment-original size-original\" alt=\"\" \/>                        <div class=\"overlay\"><\/div>            \n                    <\/div>\n\t\t\n        <div class=\"banner-layers container\">\n            <div class=\"fill banner-link\"><\/div>            \n\n   <div id=\"text-box-1618873850\" class=\"text-box banner-layer x50 md-x90 lg-x90 y50 md-y50 lg-y50 res-text\">\n                                <div class=\"text-box-content text dark\">\n              \n              <div class=\"text-inner text-center\">\n                  \n\n\t<div id=\"text-2604966769\" class=\"text\">\n\t\t\n\n<h2 class=\"p1\"><strong>Servicio T\u00e9cnico al Cliente<\/strong><\/h2>\n<p class=\"p1\">Su \u00e9xito, nuestra experiencia<\/p>\n\t\t\n<style>\n#text-2604966769 {\n  font-size: 1rem;\n  line-height: 1.1;\n  text-align: left;\n  color: rgb(8, 96, 55);\n}\n#text-2604966769 > * {\n  color: rgb(8, 96, 55);\n}\n<\/style>\n\t<\/div>\n\t\n\n              <\/div>\n           <\/div>\n                            \n<style>\n#text-box-1618873850 {\n  width: 80%;\n}\n#text-box-1618873850 .text-box-content {\n  font-size: 100%;\n}\n@media (min-width:550px) {\n  #text-box-1618873850 {\n    width: 40%;\n  }\n}\n<\/style>\n    <\/div>\n \n\n        <\/div>\n      <\/div>\n\n            \n<style>\n#banner-1607807245 {\n  padding-top: 400px;\n  background-color: rgba(255, 255, 255, 0.692);\n}\n#banner-1607807245 .overlay {\n  background-color: rgba(255, 255, 255, 0.517);\n}\n#banner-1607807245 .banner-bg img {\n  object-position: 42% 0%;\n}\n@media (min-width:550px) {\n  #banner-1607807245 {\n    padding-top: 400px;\n  }\n}\n<\/style>\n  <\/div>\n\n\n\n\t<section class=\"section\" id=\"section_377240261\">\n\t\t<div class=\"section-bg fill\" >\n\t\t\t\t\t\t\t\t\t\n\t\t\t\n\n\t\t<\/div>\n\n\t\t\n\n\t\t<div class=\"section-content relative\">\n\t\t\t\n\n<div class=\"row align-center\"  id=\"row-1551312446\">\n\n\n\t<div id=\"col-1100493512\" class=\"col medium-10 small-12 large-12\"  data-animate=\"fadeInRight\">\n\t\t\t\t<div class=\"col-inner\"  >\n\t\t\t\n\t\t\t\n\n\t<div id=\"gap-1783287761\" class=\"gap-element clearfix 50\" style=\"display:block; height:auto;\">\n\t\t\n<style>\n#gap-1783287761 {\n  padding-top: 32px;\n}\n<\/style>\n\t<\/div>\n\t\n\n\t<div id=\"text-2032532162\" class=\"text\">\n\t\t\n\n<p><a href=\"\/es\/people\/\">Personas<\/a> | <strong>Servicio T\u00e9cnico al Cliente<\/strong><\/p>\n\t\t\n<style>\n#text-2032532162 {\n  color: #086037;\n}\n#text-2032532162 > * {\n  color: #086037;\n}\n<\/style>\n\t<\/div>\n\t\n\t<div id=\"text-3707652295\" class=\"text\">\n\t\t\n\n<p><strong>En la UBIS,<\/strong>\u00a0nuestro equipo de Servicio T\u00e9cnico al Cliente (CTS) se asegura de que nuestros clientes tengan \u00e9xito con nuestros productos. Proporcionamos orientaci\u00f3n experta, asistencia para la resoluci\u00f3n de problemas y soluciones t\u00e9cnicas para reforzar la satisfacci\u00f3n y la confianza de los clientes.<\/p>\n<div>\u00a0<\/div>\n<div>Como socio de soluciones, el equipo de CTS colabora estrechamente con los departamentos de Ventas, I+D y Operaciones para responder a las necesidades de los clientes, solucionar problemas y ofrecer servicios de valor a\u00f1adido. Al comprender los retos y ofrecer soluciones pr\u00e1cticas, ayudamos a los clientes a alcanzar sus objetivos al tiempo que mejoramos la reputaci\u00f3n de UBIS.<\/div>\n\t\t\n<style>\n#text-3707652295 {\n  text-align: left;\n}\n<\/style>\n\t<\/div>\n\t\n\n\t\t<\/div>\n\t\t\t\t\n<style>\n#col-1100493512 > .col-inner {\n  margin: 0px 0px -30px 0px;\n}\n<\/style>\n\t<\/div>\n\n\t\n\n<\/div>\n\n\t\t<\/div>\n\n\t\t\n<style>\n#section_377240261 {\n  padding-top: 0px;\n  padding-bottom: 0px;\n}\n<\/style>\n\t<\/section>\n\t\n\n\t<section class=\"section\" id=\"section_843557721\">\n\t\t<div class=\"section-bg fill\" >\n\t\t\t\t\t\t\t\t\t\n\t\t\t\n\n\t\t<\/div>\n\n\t\t\n\n\t\t<div class=\"section-content relative\">\n\t\t\t\n\n<div class=\"row align-middle\"  id=\"row-101691676\">\n\n\n\t<div id=\"col-400507788\" class=\"col medium-6 small-12 large-6\"  data-animate=\"fadeInLeft\">\n\t\t\t\t<div class=\"col-inner\"  >\n\t\t\t\n\t\t\t\n\n\t<div id=\"ux-lottie-2984215147\" class=\"ux-lottie\" >\n\t\t\t\t<lottie-player class=\"ux-lottie__player\" data-params=\"{&quot;src&quot;:&quot;https:\\\/\\\/ubisasia.com\\\/wp-content\\\/uploads\\\/2025\\\/11\\\/testing-ibis-1.json&quot;,&quot;loop&quot;:true,&quot;autoplay&quot;:true,&quot;controls&quot;:false,&quot;speed&quot;:&quot;1&quot;,&quot;direction&quot;:1,&quot;trigger&quot;:&quot;&quot;,&quot;mouseout&quot;:&quot;&quot;,&quot;start&quot;:0,&quot;end&quot;:100,&quot;scrollActionType&quot;:&quot;seek&quot;,&quot;visibilityStart&quot;:0,&quot;visibilityEnd&quot;:100,&quot;id&quot;:&quot;ux-lottie-2984215147&quot;}\" ><\/lottie-player>\n\t\t\t\t\n<style>\n#ux-lottie-2984215147 {\n  width: 100%;\n  height: 300px;\n}\n<\/style>\n\t<\/div>\n\t\n\n\n\t\t<\/div>\n\t\t\t\t\t<\/div>\n\n\t\n\n\t<div id=\"col-1179790805\" class=\"col medium-6 small-12 large-6\"  data-animate=\"bounceIn\">\n\t\t\t\t<div class=\"col-inner\"  >\n\t\t\t\n\t\t\t\n\n\t<div id=\"text-3726412463\" class=\"text\">\n\t\t\n\n<h3 class=\"p1\"><strong>Entre otras cosas, ser\u00e1 responsable de :<\/strong><\/h3>\n\t\t\n<style>\n#text-3726412463 {\n  color: #086037;\n}\n#text-3726412463 > * {\n  color: #086037;\n}\n<\/style>\n\t<\/div>\n\t\n<ul>\n<li>Proporcionar apoyo t\u00e9cnico y orientaci\u00f3n a los clientes<\/li>\n<li>Resoluci\u00f3n de problemas relacionados con los productos<\/li>\n<li>Colaboraci\u00f3n con Ventas e I+D para satisfacer las necesidades de los clientes<\/li>\n<li>Organizar sesiones de formaci\u00f3n e intercambio de conocimientos sobre productos<\/li>\n<li>Recoger las opiniones de los clientes para impulsar la mejora continua<\/li>\n<li>Apoyar el desarrollo de soluciones innovadoras para el \u00e9xito de los clientes<\/li>\n<\/ul>\n\n\t\t<\/div>\n\t\t\t\t\t<\/div>\n\n\t\n\n<\/div>\n\n\t\t<\/div>\n\n\t\t\n<style>\n#section_843557721 {\n  padding-top: 30px;\n  padding-bottom: 30px;\n}\n<\/style>\n\t<\/section>\n\t\n\n\t<section class=\"section\" id=\"section_77963775\">\n\t\t<div class=\"section-bg fill\" >\n\t\t\t\t\t\t\t\t\t<div class=\"section-bg-overlay absolute fill\"><\/div>\n\t\t\t\n\n\t\t<\/div>\n\n\t\t\n\n\t\t<div class=\"section-content relative\">\n\t\t\t\n\n<div class=\"row align-center\"  id=\"row-29615399\">\n\n\n\t<div id=\"col-1364928176\" class=\"col medium-10 small-12 large-10\"  >\n\t\t\t\t<div class=\"col-inner\"  >\n\t\t\t\n\t\t\t\n\n\t<div id=\"gap-1466795962\" class=\"gap-element clearfix\" style=\"display:block; height:auto;\">\n\t\t\n<style>\n#gap-1466795962 {\n  padding-top: 31px;\n}\n<\/style>\n\t<\/div>\n\t\n\n<div class=\"row align-center\"  id=\"row-322883554\">\n\n\n\t<div id=\"col-2096216932\" class=\"col medium-8 small-12 large-8\"  data-animate=\"fadeInUp\">\n\t\t\t\t<div class=\"col-inner\"  >\n\t\t\t\n\t\t\t\n\n\t<div id=\"text-3308710963\" class=\"text\">\n\t\t\n\n<h2><strong><span class=\"brand-color-primary\">Crecimiento profesional<\/span><\/strong><\/h2>\n\t\t\n<style>\n#text-3308710963 {\n  font-size: 1.5rem;\n  text-align: center;\n  color: #086037;\n}\n#text-3308710963 > * {\n  color: #086037;\n}\n<\/style>\n\t<\/div>\n\t\n\n\t\t<\/div>\n\t\t\t\t\n<style>\n#col-2096216932 > .col-inner {\n  margin: 0px 0px -30px 0px;\n}\n<\/style>\n\t<\/div>\n\n\t\n\n<\/div>\n<div class=\"row align-center\"  id=\"row-1231971289\">\n\n\n\t<div id=\"col-1625669385\" class=\"col small-12 large-12\"  data-animate=\"fadeInUp\">\n\t\t\t\t<div class=\"col-inner\"  >\n\t\t\t\n\t\t\t\n\n\t<div id=\"gap-834050447\" class=\"gap-element clearfix\" style=\"display:block; height:auto;\">\n\t\t\n<style>\n#gap-834050447 {\n  padding-top: 30px;\n}\n<\/style>\n\t<\/div>\n\t\n\n\t<div id=\"ux-lottie-1379800641\" class=\"ux-lottie\" >\n\t\t\t\t<lottie-player class=\"ux-lottie__player\" data-params=\"{&quot;src&quot;:&quot;https:\\\/\\\/ubisasia.com\\\/wp-content\\\/uploads\\\/2025\\\/11\\\/career-growth-2-2.json&quot;,&quot;loop&quot;:true,&quot;autoplay&quot;:true,&quot;controls&quot;:false,&quot;speed&quot;:&quot;1&quot;,&quot;direction&quot;:1,&quot;trigger&quot;:&quot;&quot;,&quot;mouseout&quot;:&quot;&quot;,&quot;start&quot;:0,&quot;end&quot;:100,&quot;scrollActionType&quot;:&quot;seek&quot;,&quot;visibilityStart&quot;:0,&quot;visibilityEnd&quot;:100,&quot;id&quot;:&quot;ux-lottie-1379800641&quot;}\" ><\/lottie-player>\n\t\t\t\t\n<style>\n#ux-lottie-1379800641 {\n  width: 100%;\n  height: 150px;\n}\n<\/style>\n\t<\/div>\n\t\n\n\t<div id=\"gap-1793000257\" class=\"gap-element clearfix\" style=\"display:block; height:auto;\">\n\t\t\n<style>\n#gap-1793000257 {\n  padding-top: 30px;\n}\n<\/style>\n\t<\/div>\n\t\n\n\t<div id=\"text-797207129\" class=\"text\">\n\t\t\n\n<p>Los miembros del equipo CTS reciben formaci\u00f3n espec\u00edfica en conocimientos t\u00e9cnicos, resoluci\u00f3n de problemas y compromiso con el cliente. Estar\u00e1s expuesto a diversos sectores y adquirir\u00e1s conocimientos avanzados sobre productos para avanzar en tu carrera de liderazgo en el servicio t\u00e9cnico.<\/p>\n\t\t\n<style>\n#text-797207129 {\n  text-align: center;\n}\n<\/style>\n\t<\/div>\n\t\n\n\t\t<\/div>\n\t\t\t\t\n<style>\n#col-1625669385 > .col-inner {\n  margin: 0px 0px -40px 0px;\n}\n<\/style>\n\t<\/div>\n\n\t\n\n<\/div>\n\n\t\t<\/div>\n\t\t\t\t\t<\/div>\n\n\t\n\n<\/div>\n\n\t\t<\/div>\n\n\t\t\n<style>\n#section_77963775 {\n  padding-top: 0px;\n  padding-bottom: 0px;\n}\n#section_77963775 .section-bg-overlay {\n  background-color: rgb(247, 247, 247);\n}\n<\/style>\n\t<\/section>\n\t\n\n\t<section class=\"section\" id=\"section_503458173\">\n\t\t<div class=\"section-bg fill\" >\n\t\t\t\t\t\t\t\t\t\n\t\t\t\n\t<div class=\"is-border\"\n\t\tstyle=\"border-width:0px 0px 0px 0px;margin:0px 0px 0px 0px;\">\n\t<\/div>\n\n\t\t<\/div>\n\n\t\t\n\n\t\t<div class=\"section-content relative\">\n\t\t\t\n\n<div class=\"row align-middle align-center\"  id=\"row-336183990\">\n\n\n\t<div id=\"col-1002287055\" class=\"col medium-10 small-12 large-8\"  data-animate=\"fadeInUp\">\n\t\t\t\t<div class=\"col-inner\"  >\n\t\t\t\n\t\t\t\n\n\t<div id=\"text-1993017606\" class=\"text\">\n\t\t\n\n<h2><strong>Disciplinas UBIS<\/strong><\/h2>\n\t\t\n<style>\n#text-1993017606 {\n  font-size: 1.5rem;\n  text-align: center;\n  color: #086037;\n}\n#text-1993017606 > * {\n  color: #086037;\n}\n<\/style>\n\t<\/div>\n\t\n<div class=\"is-divider divider clearfix\" style=\"max-width:6000px;height:2px;\"><\/div>\n\n\t<div id=\"text-3403356401\" class=\"text\">\n\t\t\n\n<p>La disciplina de Servicio T\u00e9cnico al Cliente garantiza que UBIS proporcione un soporte t\u00e9cnico excepcional a los clientes, ayud\u00e1ndoles a conseguir resultados \u00f3ptimos con nuestros productos. Tiende un puente entre el desarrollo del producto y la aplicaci\u00f3n del cliente, garantizando su satisfacci\u00f3n y fidelidad.<\/p>\n<p><strong>Abarca varias \u00e1reas clave:<\/strong><\/p>\n\t\t\n<style>\n#text-3403356401 {\n  text-align: center;\n}\n<\/style>\n\t<\/div>\n\t\n\n\t\t<\/div>\n\t\t\t\t\n<style>\n#col-1002287055 > .col-inner {\n  margin: 0px 0px -30px 0px;\n}\n<\/style>\n\t<\/div>\n\n\t\n\n<\/div>\n<div class=\"row align-center\"  id=\"row-1537432411\">\n\n\n\t<div id=\"col-1327201086\" class=\"col medium-4 small-12 large-4\"  data-animate=\"fadeInUp\">\n\t\t\t\t<div class=\"col-inner text-center\" style=\"background-color:rgba(59, 172, 119, 0.099);\" >\n\t\t\t\n\t\t\t\n\n\t<div id=\"gap-462188613\" class=\"gap-element clearfix\" style=\"display:block; height:auto;\">\n\t\t\n<style>\n#gap-462188613 {\n  padding-top: 20px;\n}\n<\/style>\n\t<\/div>\n\t\n\n\n\t\t<div class=\"icon-box featured-box icon-box-top text-left\"  >\n\t\t\t\t\t<div class=\"icon-box-img\" style=\"width: 106px\">\n\t\t\t\t<div class=\"icon\">\n\t\t\t\t\t<div class=\"icon-inner\" >\n\t\t\t\t\t\t<img decoding=\"async\" width=\"300\" height=\"300\" src=\"https:\/\/ubisasia.com\/wp-content\/uploads\/2025\/11\/Technical-Support-300x300.png\" class=\"attachment-medium size-medium\" alt=\"\" srcset=\"https:\/\/ubisasia.com\/wp-content\/uploads\/2025\/11\/Technical-Support-300x300.png 300w, https:\/\/ubisasia.com\/wp-content\/uploads\/2025\/11\/Technical-Support-1024x1024.png 1024w, https:\/\/ubisasia.com\/wp-content\/uploads\/2025\/11\/Technical-Support-150x150.png 150w, https:\/\/ubisasia.com\/wp-content\/uploads\/2025\/11\/Technical-Support-768x768.png 768w, https:\/\/ubisasia.com\/wp-content\/uploads\/2025\/11\/Technical-Support-247x247.png 247w, https:\/\/ubisasia.com\/wp-content\/uploads\/2025\/11\/Technical-Support-510x510.png 510w, https:\/\/ubisasia.com\/wp-content\/uploads\/2025\/11\/Technical-Support-100x100.png 100w, https:\/\/ubisasia.com\/wp-content\/uploads\/2025\/11\/Technical-Support.png 1080w\" sizes=\"(max-width: 300px) 100vw, 300px\" \/>\t\t\t\t\t<\/div>\n\t\t\t\t<\/div>\n\t\t\t<\/div>\n\t\t\t\t<div class=\"icon-box-text last-reset\">\n\t\t\t\t\t\t\t\t\t\n\n\t<div id=\"text-307101817\" class=\"text\">\n\t\t\n\n<h4 class=\"p1\"><strong>Asistencia t\u00e9cnica<\/strong><\/h4>\n\t\t\n<style>\n#text-307101817 {\n  text-align: center;\n  color: #086037;\n}\n#text-307101817 > * {\n  color: #086037;\n}\n<\/style>\n\t<\/div>\n\t\n\t<div id=\"gap-1020647209\" class=\"gap-element clearfix\" style=\"display:block; height:auto;\">\n\t\t\n<style>\n#gap-1020647209 {\n  padding-top: 10px;\n}\n<\/style>\n\t<\/div>\n\t\n\n\n\t\t<\/div>\n\t<\/div>\n\t\n\t\n<p class=\"p1\">Ayudar a los clientes con la aplicaci\u00f3n del producto, la resoluci\u00f3n de problemas y<br \/>resolver problemas t\u00e9cnicos.<\/p>\n\t<div id=\"gap-292032523\" class=\"gap-element clearfix\" style=\"display:block; height:auto;\">\n\t\t\n<style>\n#gap-292032523 {\n  padding-top: 20px;\n}\n<\/style>\n\t<\/div>\n\t\n\n\n\t\t<\/div>\n\t\t\t\t\n<style>\n#col-1327201086 > .col-inner {\n  padding: 0px 10px 0px 10px;\n}\n<\/style>\n\t<\/div>\n\n\t\n\n\t<div id=\"col-1543417836\" class=\"col medium-4 small-12 large-4\"  data-animate=\"fadeInUp\">\n\t\t\t\t<div class=\"col-inner text-center\" style=\"background-color:rgba(59, 172, 119, 0.099);\" >\n\t\t\t\n\t\t\t\n\n\t<div id=\"gap-1281210995\" class=\"gap-element clearfix\" style=\"display:block; height:auto;\">\n\t\t\n<style>\n#gap-1281210995 {\n  padding-top: 20px;\n}\n<\/style>\n\t<\/div>\n\t\n\n\n\t\t<div class=\"icon-box featured-box icon-box-top text-left\"  >\n\t\t\t\t\t<div class=\"icon-box-img\" style=\"width: 106px\">\n\t\t\t\t<div class=\"icon\">\n\t\t\t\t\t<div class=\"icon-inner\" >\n\t\t\t\t\t\t<img decoding=\"async\" width=\"300\" height=\"300\" src=\"https:\/\/ubisasia.com\/wp-content\/uploads\/2025\/11\/Training-Advisory-300x300.png\" class=\"attachment-medium size-medium\" alt=\"\" srcset=\"https:\/\/ubisasia.com\/wp-content\/uploads\/2025\/11\/Training-Advisory-300x300.png 300w, https:\/\/ubisasia.com\/wp-content\/uploads\/2025\/11\/Training-Advisory-1024x1024.png 1024w, https:\/\/ubisasia.com\/wp-content\/uploads\/2025\/11\/Training-Advisory-150x150.png 150w, https:\/\/ubisasia.com\/wp-content\/uploads\/2025\/11\/Training-Advisory-768x768.png 768w, https:\/\/ubisasia.com\/wp-content\/uploads\/2025\/11\/Training-Advisory-247x247.png 247w, https:\/\/ubisasia.com\/wp-content\/uploads\/2025\/11\/Training-Advisory-510x510.png 510w, https:\/\/ubisasia.com\/wp-content\/uploads\/2025\/11\/Training-Advisory-100x100.png 100w, https:\/\/ubisasia.com\/wp-content\/uploads\/2025\/11\/Training-Advisory.png 1080w\" sizes=\"(max-width: 300px) 100vw, 300px\" \/>\t\t\t\t\t<\/div>\n\t\t\t\t<\/div>\n\t\t\t<\/div>\n\t\t\t\t<div class=\"icon-box-text last-reset\">\n\t\t\t\t\t\t\t\t\t\n\n\t<div id=\"text-3273652887\" class=\"text\">\n\t\t\n\n<h4 class=\"p1\"><strong>Formaci\u00f3n y asesoramiento<\/strong><\/h4>\n\t\t\n<style>\n#text-3273652887 {\n  text-align: center;\n  color: #086037;\n}\n#text-3273652887 > * {\n  color: #086037;\n}\n<\/style>\n\t<\/div>\n\t\n\t<div id=\"gap-1412686097\" class=\"gap-element clearfix\" style=\"display:block; height:auto;\">\n\t\t\n<style>\n#gap-1412686097 {\n  padding-top: 10px;\n}\n<\/style>\n\t<\/div>\n\t\n\n\n\t\t<\/div>\n\t<\/div>\n\t\n\t\n<p class=\"p1\">Ofrecer orientaci\u00f3n, talleres e intercambio de conocimientos para ayudar a los clientes a utilizar los productos.<br \/>de forma segura y eficaz.<\/p>\n\t<div id=\"gap-1810482194\" class=\"gap-element clearfix\" style=\"display:block; height:auto;\">\n\t\t\n<style>\n#gap-1810482194 {\n  padding-top: 20px;\n}\n<\/style>\n\t<\/div>\n\t\n\n\n\t\t<\/div>\n\t\t\t\t\n<style>\n#col-1543417836 > .col-inner {\n  padding: 0px 10px 0px 10px;\n}\n<\/style>\n\t<\/div>\n\n\t\n\n\t<div id=\"col-1760126151\" class=\"col medium-4 small-12 large-4\"  data-animate=\"fadeInUp\">\n\t\t\t\t<div class=\"col-inner text-center\" style=\"background-color:rgba(59, 172, 119, 0.099);\" >\n\t\t\t\n\t\t\t\n\n\t<div id=\"gap-1473994400\" class=\"gap-element clearfix\" style=\"display:block; height:auto;\">\n\t\t\n<style>\n#gap-1473994400 {\n  padding-top: 20px;\n}\n<\/style>\n\t<\/div>\n\t\n\n\n\t\t<div class=\"icon-box featured-box icon-box-top text-left\"  >\n\t\t\t\t\t<div class=\"icon-box-img\" style=\"width: 106px\">\n\t\t\t\t<div class=\"icon\">\n\t\t\t\t\t<div class=\"icon-inner\" >\n\t\t\t\t\t\t<img decoding=\"async\" width=\"300\" height=\"300\" src=\"https:\/\/ubisasia.com\/wp-content\/uploads\/2025\/11\/Collaboration-with-Internal-Teams-300x300.png\" class=\"attachment-medium size-medium\" alt=\"\" srcset=\"https:\/\/ubisasia.com\/wp-content\/uploads\/2025\/11\/Collaboration-with-Internal-Teams-300x300.png 300w, https:\/\/ubisasia.com\/wp-content\/uploads\/2025\/11\/Collaboration-with-Internal-Teams-1024x1024.png 1024w, https:\/\/ubisasia.com\/wp-content\/uploads\/2025\/11\/Collaboration-with-Internal-Teams-150x150.png 150w, https:\/\/ubisasia.com\/wp-content\/uploads\/2025\/11\/Collaboration-with-Internal-Teams-768x768.png 768w, https:\/\/ubisasia.com\/wp-content\/uploads\/2025\/11\/Collaboration-with-Internal-Teams-247x247.png 247w, https:\/\/ubisasia.com\/wp-content\/uploads\/2025\/11\/Collaboration-with-Internal-Teams-510x510.png 510w, https:\/\/ubisasia.com\/wp-content\/uploads\/2025\/11\/Collaboration-with-Internal-Teams-100x100.png 100w, https:\/\/ubisasia.com\/wp-content\/uploads\/2025\/11\/Collaboration-with-Internal-Teams.png 1080w\" sizes=\"(max-width: 300px) 100vw, 300px\" \/>\t\t\t\t\t<\/div>\n\t\t\t\t<\/div>\n\t\t\t<\/div>\n\t\t\t\t<div class=\"icon-box-text last-reset\">\n\t\t\t\t\t\t\t\t\t\n\n\t<div id=\"text-2371624769\" class=\"text\">\n\t\t\n\n<h4 class=\"p1\"><strong>Colaboraci\u00f3n con equipos internos<\/strong><\/h4>\n\t\t\n<style>\n#text-2371624769 {\n  text-align: center;\n  color: #086037;\n}\n#text-2371624769 > * {\n  color: #086037;\n}\n<\/style>\n\t<\/div>\n\t\n\t<div id=\"gap-592467023\" class=\"gap-element clearfix\" style=\"display:block; height:auto;\">\n\t\t\n<style>\n#gap-592467023 {\n  padding-top: 10px;\n}\n<\/style>\n\t<\/div>\n\t\n\n\n\t\t<\/div>\n\t<\/div>\n\t\n\t\n<p>Trabajar en estrecha colaboraci\u00f3n con Ventas, I+D y Calidad para<br \/>ofrecer soluciones a medida<br \/>a las necesidades del cliente.<\/p>\n\t<div id=\"gap-3066923\" class=\"gap-element clearfix\" style=\"display:block; height:auto;\">\n\t\t\n<style>\n#gap-3066923 {\n  padding-top: 20px;\n}\n<\/style>\n\t<\/div>\n\t\n\n\n\t\t<\/div>\n\t\t\t\t\n<style>\n#col-1760126151 > .col-inner {\n  padding: 0px 10px 0px 10px;\n}\n<\/style>\n\t<\/div>\n\n\t\n\n<\/div>\n\n\t\t<\/div>\n\n\t\t\n<style>\n#section_503458173 {\n  padding-top: 0px;\n  padding-bottom: 0px;\n}\n@media (min-width:550px) {\n  #section_503458173 {\n    padding-top: 30px;\n    padding-bottom: 30px;\n  }\n}\n<\/style>\n\t<\/section>\n\t\n\n\n\t<section class=\"section\" id=\"section_1715828760\">\n\t\t<div class=\"section-bg fill\" >\n\t\t\t<img decoding=\"async\" width=\"2560\" height=\"1920\" src=\"https:\/\/ubisasia.com\/wp-content\/uploads\/2025\/07\/S__33406994-scaled.jpg\" class=\"bg attachment-original size-original\" alt=\"\" \/>\t\t\t\t\t\t<div class=\"section-bg-overlay absolute fill\"><\/div>\n\t\t\t\n\n\t\t<\/div>\n\n\t\t\n\n\t\t<div class=\"section-content relative\">\n\t\t\t\n\n\n  <div class=\"banner has-hover\" id=\"banner-1947766834\">\n          <div class=\"banner-inner fill\">\n        <div class=\"banner-bg fill\" >\n            <img decoding=\"async\" width=\"1020\" height=\"574\" src=\"https:\/\/ubisasia.com\/wp-content\/uploads\/2025\/11\/IMG_7426-2-1024x576.webp\" class=\"bg attachment-large size-large\" alt=\"\" \/>                        <div class=\"overlay\"><\/div>            \n                    <\/div>\n\t\t\n        <div class=\"banner-layers container\">\n            <div class=\"fill banner-link\"><\/div>            \n\n   <div id=\"text-box-270077995\" class=\"text-box banner-layer x85 md-x95 lg-x95 y50 md-y50 lg-y50 res-text\">\n                                <div class=\"text-box-content text\">\n              \n              <div class=\"text-inner text-center\">\n                  \n\n\t<div id=\"text-3308252497\" class=\"text\">\n\t\t\n\n<h2 class=\"uppercase\"><strong>\u00daNETE A NUESTRA COMUNIDAD<\/strong><\/h2>\n\t\t\n<style>\n#text-3308252497 {\n  text-align: center;\n  color: #086037;\n}\n#text-3308252497 > * {\n  color: #086037;\n}\n<\/style>\n\t<\/div>\n\t\n\t<div id=\"text-1728577107\" class=\"text\">\n\t\t\n\n<h5>Su pr\u00f3xima gran oportunidad est\u00e1 a un solo clic<\/h5>\n\t\t\n<style>\n#text-1728577107 {\n  text-align: center;\n}\n<\/style>\n\t<\/div>\n\t\n<a data-animate=\"fadeInLeft\" href=\"https:\/\/www.linkedin.com\/company\/ubisasia\/?originalSubdomain=th\" target=\"_blank\" class=\"button primary\" rel=\"noopener\">\n\t\t<span>M\u00e1s informaci\u00f3n sobre UBIS en Linkedin<\/span>\n\t<\/a>\n\n\n\n              <\/div>\n           <\/div>\n                            \n<style>\n#text-box-270077995 {\n  width: 68%;\n}\n#text-box-270077995 .text-box-content {\n  font-size: 100%;\n}\n@media (min-width:550px) {\n  #text-box-270077995 {\n    width: 44%;\n  }\n}\n<\/style>\n    <\/div>\n \n   <div id=\"text-box-2019463210\" class=\"text-box banner-layer x5 md-x5 lg-x5 y50 md-y50 lg-y50 res-text\">\n                                <div class=\"text-box-content text dark\">\n              \n              <div class=\"text-inner text-center\">\n                  \n\n\t<div class=\"img has-hover hide-for-small x md-x lg-x y md-y lg-y\" id=\"image_324739705\">\n\t\t\t\t\t\t\t\t<div class=\"img-inner image-fade-in dark\" >\n\t\t\t<img decoding=\"async\" width=\"1020\" height=\"574\" src=\"https:\/\/ubisasia.com\/wp-content\/uploads\/2025\/11\/IMG_7426-2-1024x576.webp\" class=\"attachment-large size-large\" alt=\"\" srcset=\"https:\/\/ubisasia.com\/wp-content\/uploads\/2025\/11\/IMG_7426-2-1024x576.webp 1024w, https:\/\/ubisasia.com\/wp-content\/uploads\/2025\/11\/IMG_7426-2-300x169.webp 300w, https:\/\/ubisasia.com\/wp-content\/uploads\/2025\/11\/IMG_7426-2-768x432.webp 768w, https:\/\/ubisasia.com\/wp-content\/uploads\/2025\/11\/IMG_7426-2-1536x864.webp 1536w, https:\/\/ubisasia.com\/wp-content\/uploads\/2025\/11\/IMG_7426-2-scaled.webp 2048w, https:\/\/ubisasia.com\/wp-content\/uploads\/2025\/11\/IMG_7426-2-510x287.webp 510w\" sizes=\"(max-width: 1020px) 100vw, 1020px\" \/>\t\t\t\t\t\t\n\t\t\t\t\t<\/div>\n\t\t\t\t\t\t\t\t\n<style>\n#image_324739705 {\n  width: 100%;\n}\n<\/style>\n\t<\/div>\n\t\n\n\n              <\/div>\n           <\/div>\n                            \n<style>\n#text-box-2019463210 {\n  width: 41%;\n}\n#text-box-2019463210 .text-box-content {\n  font-size: 100%;\n}\n<\/style>\n    <\/div>\n \n\n        <\/div>\n      <\/div>\n\n            \n<style>\n#banner-1947766834 {\n  padding-top: 300px;\n  background-color: rgb(255, 255, 255);\n}\n#banner-1947766834 .overlay {\n  background-color: rgba(246, 246, 246, 0.901);\n}\n@media (min-width:550px) {\n  #banner-1947766834 {\n    padding-top: 400px;\n  }\n}\n<\/style>\n  <\/div>\n\n\n\n\t\t<\/div>\n\n\t\t\n<style>\n#section_1715828760 {\n  padding-top: 0px;\n  padding-bottom: 0px;\n}\n#section_1715828760 .section-bg-overlay {\n  background-color: rgba(2, 104, 56, 0.878);\n}\n<\/style>\n\t<\/section>","protected":false},"excerpt":{"rendered":"","protected":false},"author":2,"featured_media":1340,"parent":44,"menu_order":0,"comment_status":"closed","ping_status":"closed","template":"page-blank.php","meta":{"footnotes":""},"class_list":["post-8066","page","type-page","status-publish","has-post-thumbnail","hentry"],"_links":{"self":[{"href":"https:\/\/ubisasia.com\/es\/wp-json\/wp\/v2\/pages\/8066","targetHints":{"allow":["GET"]}}],"collection":[{"href":"https:\/\/ubisasia.com\/es\/wp-json\/wp\/v2\/pages"}],"about":[{"href":"https:\/\/ubisasia.com\/es\/wp-json\/wp\/v2\/types\/page"}],"author":[{"embeddable":true,"href":"https:\/\/ubisasia.com\/es\/wp-json\/wp\/v2\/users\/2"}],"replies":[{"embeddable":true,"href":"https:\/\/ubisasia.com\/es\/wp-json\/wp\/v2\/comments?post=8066"}],"version-history":[{"count":7,"href":"https:\/\/ubisasia.com\/es\/wp-json\/wp\/v2\/pages\/8066\/revisions"}],"predecessor-version":[{"id":8243,"href":"https:\/\/ubisasia.com\/es\/wp-json\/wp\/v2\/pages\/8066\/revisions\/8243"}],"up":[{"embeddable":true,"href":"https:\/\/ubisasia.com\/es\/wp-json\/wp\/v2\/pages\/44"}],"wp:featuredmedia":[{"embeddable":true,"href":"https:\/\/ubisasia.com\/es\/wp-json\/wp\/v2\/media\/1340"}],"wp:attachment":[{"href":"https:\/\/ubisasia.com\/es\/wp-json\/wp\/v2\/media?parent=8066"}],"curies":[{"name":"wp","href":"https:\/\/api.w.org\/{rel}","templated":true}]}}