{"id":8047,"date":"2025-11-19T15:39:15","date_gmt":"2025-11-19T08:39:15","guid":{"rendered":"https:\/\/ubisasia.com\/?page_id=8047"},"modified":"2026-01-16T10:13:22","modified_gmt":"2026-01-16T03:13:22","slug":"investor-relations-and-company-secretary","status":"publish","type":"page","link":"https:\/\/ubisasia.com\/es\/people\/investor-relations-and-company-secretary\/","title":{"rendered":"Relaciones con los inversores y Secretar\u00eda de la empresa"},"content":{"rendered":"<div class=\"banner has-hover\" id=\"banner-889405482\">\n          <div class=\"banner-inner fill\">\n        <div class=\"banner-bg fill\" >\n            <img decoding=\"async\" width=\"1800\" height=\"600\" src=\"https:\/\/ubisasia.com\/wp-content\/uploads\/2025\/11\/Investor-Relations-Company-Secretary-.png\" class=\"bg attachment-original size-original\" alt=\"\" \/>                                    \n                    <\/div>\n\t\t\n        <div class=\"banner-layers container\">\n            <div class=\"fill banner-link\"><\/div>            \n\n   <div id=\"text-box-2068941245\" class=\"text-box banner-layer x50 md-x90 lg-x90 y50 md-y50 lg-y50 res-text\">\n                                <div class=\"text-box-content text dark\">\n              \n              <div class=\"text-inner text-center\">\n                  \n\n\t<div id=\"text-4276647190\" class=\"text\">\n\t\t\n\n<h2 class=\"p1\"><strong>Relaciones con los inversores y Secretar\u00eda de la empresa<\/strong><\/h2>\n<p class=\"p1\">Generar confianza mediante la transparencia<\/p>\n\t\t\n<style>\n#text-4276647190 {\n  font-size: 1rem;\n  line-height: 1.1;\n  text-align: left;\n  color: rgb(255, 255, 255);\n}\n#text-4276647190 > * {\n  color: rgb(255, 255, 255);\n}\n<\/style>\n\t<\/div>\n\t\n\n              <\/div>\n           <\/div>\n                            \n<style>\n#text-box-2068941245 {\n  width: 80%;\n}\n#text-box-2068941245 .text-box-content {\n  font-size: 100%;\n}\n@media (min-width:550px) {\n  #text-box-2068941245 {\n    width: 40%;\n  }\n}\n<\/style>\n    <\/div>\n \n\n        <\/div>\n      <\/div>\n\n            \n<style>\n#banner-889405482 {\n  padding-top: 400px;\n}\n@media (min-width:550px) {\n  #banner-889405482 {\n    padding-top: 400px;\n  }\n}\n<\/style>\n  <\/div>\n\n\n\n\t<section class=\"section\" id=\"section_2105913906\">\n\t\t<div class=\"section-bg fill\" >\n\t\t\t\t\t\t\t\t\t\n\t\t\t\n\n\t\t<\/div>\n\n\t\t\n\n\t\t<div class=\"section-content relative\">\n\t\t\t\n\n<div class=\"row align-center\"  id=\"row-806587914\">\n\n\n\t<div id=\"col-2006765083\" class=\"col medium-10 small-12 large-12\"  data-animate=\"fadeInRight\">\n\t\t\t\t<div class=\"col-inner\"  >\n\t\t\t\n\t\t\t\n\n\t<div id=\"gap-2144032944\" class=\"gap-element clearfix 50\" style=\"display:block; height:auto;\">\n\t\t\n<style>\n#gap-2144032944 {\n  padding-top: 32px;\n}\n<\/style>\n\t<\/div>\n\t\n\n\t<div id=\"text-1331089665\" class=\"text\">\n\t\t\n\n<p><a href=\"\/es\/people\/\">Personas<\/a> | <strong>Relaciones con los inversores y Secretar\u00eda de la empresa<\/strong><\/p>\n\t\t\n<style>\n#text-1331089665 {\n  color: #086037;\n}\n#text-1331089665 > * {\n  color: #086037;\n}\n<\/style>\n\t<\/div>\n\t\n\t<div id=\"text-1768084510\" class=\"text\">\n\t\t\n\n<p><strong>En la UBIS, <\/strong>Nuestro equipo de Relaciones con los Inversores y Secretar\u00eda de la Empresa sirve de puente vital entre la empresa, sus accionistas y la comunidad inversora en general. Generamos confianza a trav\u00e9s de la transparencia, garantizando que nuestras partes interesadas est\u00e9n informadas, comprometidas y alineadas con la visi\u00f3n y los resultados de la empresa.<\/p>\n<p class=\"p1\">Como socio de confianza y gobernanza, el equipo trabaja en estrecha colaboraci\u00f3n con los ejecutivos, el Consejo de Administraci\u00f3n y las partes interesadas externas para ofrecer comunicaciones claras, mantener el cumplimiento y fomentar pr\u00e1cticas de gobernanza s\u00f3lidas. De este modo, salvaguardamos la reputaci\u00f3n de la empresa y permitimos un crecimiento sostenible.<\/p>\n\t\t\n<style>\n#text-1768084510 {\n  text-align: left;\n}\n<\/style>\n\t<\/div>\n\t\n\n\t\t<\/div>\n\t\t\t\t\n<style>\n#col-2006765083 > .col-inner {\n  margin: 0px 0px -30px 0px;\n}\n<\/style>\n\t<\/div>\n\n\t\n\n<\/div>\n\n\t\t<\/div>\n\n\t\t\n<style>\n#section_2105913906 {\n  padding-top: 0px;\n  padding-bottom: 0px;\n}\n<\/style>\n\t<\/section>\n\t\n\n\t<section class=\"section\" id=\"section_101797047\">\n\t\t<div class=\"section-bg fill\" >\n\t\t\t\t\t\t\t\t\t\n\t\t\t\n\n\t\t<\/div>\n\n\t\t\n\n\t\t<div class=\"section-content relative\">\n\t\t\t\n\n<div class=\"row align-middle align-center\"  id=\"row-882987591\">\n\n\n\t<div id=\"col-505904782\" class=\"col medium-5 small-12 large-6\"  data-animate=\"fadeInLeft\">\n\t\t\t\t<div class=\"col-inner\"  >\n\t\t\t\n\t\t\t\n\n\t<div id=\"ux-lottie-2796730055\" class=\"ux-lottie\" >\n\t\t\t\t<lottie-player class=\"ux-lottie__player\" data-params=\"{&quot;src&quot;:&quot;https:\\\/\\\/ubisasia.com\\\/wp-content\\\/uploads\\\/2025\\\/11\\\/testing-ibis-1.json&quot;,&quot;loop&quot;:true,&quot;autoplay&quot;:true,&quot;controls&quot;:false,&quot;speed&quot;:&quot;1&quot;,&quot;direction&quot;:1,&quot;trigger&quot;:&quot;&quot;,&quot;mouseout&quot;:&quot;&quot;,&quot;start&quot;:0,&quot;end&quot;:100,&quot;scrollActionType&quot;:&quot;seek&quot;,&quot;visibilityStart&quot;:0,&quot;visibilityEnd&quot;:100,&quot;id&quot;:&quot;ux-lottie-2796730055&quot;}\" ><\/lottie-player>\n\t\t\t\t\n<style>\n#ux-lottie-2796730055 {\n  width: 100%;\n  height: 300px;\n}\n<\/style>\n\t<\/div>\n\t\n\n\n\t\t<\/div>\n\t\t\t\t\t<\/div>\n\n\t\n\n\t<div id=\"col-560622483\" class=\"col medium-5 small-12 large-6\"  data-animate=\"bounceIn\">\n\t\t\t\t<div class=\"col-inner\"  >\n\t\t\t\n\t\t\t\n\n\t<div id=\"text-799572005\" class=\"text\">\n\t\t\n\n<h3 class=\"p1\"><strong>Entre otras cosas, ser\u00e1 responsable de :<\/strong><\/h3>\n\t\t\n<style>\n#text-799572005 {\n  color: #086037;\n}\n#text-799572005 > * {\n  color: #086037;\n}\n<\/style>\n\t<\/div>\n\t\n<ul>\n<li>\n<p class=\"p1\">Gesti\u00f3n de la comunicaci\u00f3n con inversores y accionistas<\/p>\n<\/li>\n<li>\n<p class=\"p1\">Preparaci\u00f3n y presentaci\u00f3n de informes de resultados y divulgaci\u00f3n de informaci\u00f3n.<\/p>\n<\/li>\n<li>\n<p class=\"p1\"><span style=\"font-size: 14.4px;\">Garantizar el cumplimiento de las normas y reglamentos de gobierno corporativo<\/span><\/p>\n<\/li>\n<li>\n<p class=\"p1\"><span style=\"font-size: 14.4px;\">Coordinar las reuniones del Consejo de Administraci\u00f3n y de los accionistas<\/span><\/p>\n<\/li>\n<li>\n<p class=\"p1\"><span style=\"font-size: 14.4px;\">Mantener registros y archivos precisos y puntuales de la empresa.<\/span><\/p>\n<\/li>\n<li>\n<p class=\"p1\"><span style=\"font-size: 14.4px;\">Apoyar el liderazgo en el fomento de la confianza de los inversores a largo plazo<\/span><\/p>\n<\/li>\n<\/ul>\n\n\t\t<\/div>\n\t\t\t\t\t<\/div>\n\n\t\n\n<\/div>\n\n\t\t<\/div>\n\n\t\t\n<style>\n#section_101797047 {\n  padding-top: 30px;\n  padding-bottom: 30px;\n}\n<\/style>\n\t<\/section>\n\t\n\n\t<section class=\"section\" id=\"section_1400074912\">\n\t\t<div class=\"section-bg fill\" >\n\t\t\t\t\t\t\t\t\t<div class=\"section-bg-overlay absolute fill\"><\/div>\n\t\t\t\n\n\t\t<\/div>\n\n\t\t\n\n\t\t<div class=\"section-content relative\">\n\t\t\t\n\n<div class=\"row align-center\"  id=\"row-1664629473\">\n\n\n\t<div id=\"col-425681147\" class=\"col medium-10 small-12 large-10\"  >\n\t\t\t\t<div class=\"col-inner\"  >\n\t\t\t\n\t\t\t\n\n\t<div id=\"gap-875951785\" class=\"gap-element clearfix\" style=\"display:block; height:auto;\">\n\t\t\n<style>\n#gap-875951785 {\n  padding-top: 31px;\n}\n<\/style>\n\t<\/div>\n\t\n\n<div class=\"row align-center\"  id=\"row-96232627\">\n\n\n\t<div id=\"col-17735904\" class=\"col medium-8 small-12 large-8\"  data-animate=\"fadeInUp\">\n\t\t\t\t<div class=\"col-inner\"  >\n\t\t\t\n\t\t\t\n\n\t<div id=\"text-1512545878\" class=\"text\">\n\t\t\n\n<h2><strong><span class=\"brand-color-primary\">Crecimiento profesional<\/span><\/strong><\/h2>\n\t\t\n<style>\n#text-1512545878 {\n  font-size: 1.5rem;\n  text-align: center;\n  color: #086037;\n}\n#text-1512545878 > * {\n  color: #086037;\n}\n<\/style>\n\t<\/div>\n\t\n\n\t\t<\/div>\n\t\t\t\t\n<style>\n#col-17735904 > .col-inner {\n  margin: 0px 0px -30px 0px;\n}\n<\/style>\n\t<\/div>\n\n\t\n\n<\/div>\n<div class=\"row align-center\"  id=\"row-1119034549\">\n\n\n\t<div id=\"col-1108504257\" class=\"col small-12 large-12\"  data-animate=\"fadeInUp\">\n\t\t\t\t<div class=\"col-inner\"  >\n\t\t\t\n\t\t\t\n\n\t<div id=\"gap-656130350\" class=\"gap-element clearfix\" style=\"display:block; height:auto;\">\n\t\t\n<style>\n#gap-656130350 {\n  padding-top: 30px;\n}\n<\/style>\n\t<\/div>\n\t\n\n\t<div id=\"ux-lottie-636447769\" class=\"ux-lottie\" >\n\t\t\t\t<lottie-player class=\"ux-lottie__player\" data-params=\"{&quot;src&quot;:&quot;https:\\\/\\\/ubisasia.com\\\/wp-content\\\/uploads\\\/2025\\\/11\\\/career-growth-2-2.json&quot;,&quot;loop&quot;:true,&quot;autoplay&quot;:true,&quot;controls&quot;:false,&quot;speed&quot;:&quot;1&quot;,&quot;direction&quot;:1,&quot;trigger&quot;:&quot;&quot;,&quot;mouseout&quot;:&quot;&quot;,&quot;start&quot;:0,&quot;end&quot;:100,&quot;scrollActionType&quot;:&quot;seek&quot;,&quot;visibilityStart&quot;:0,&quot;visibilityEnd&quot;:100,&quot;id&quot;:&quot;ux-lottie-636447769&quot;}\" ><\/lottie-player>\n\t\t\t\t\n<style>\n#ux-lottie-636447769 {\n  width: 100%;\n  height: 150px;\n}\n<\/style>\n\t<\/div>\n\t\n\n\t<div id=\"gap-1365597591\" class=\"gap-element clearfix\" style=\"display:block; height:auto;\">\n\t\t\n<style>\n#gap-1365597591 {\n  padding-top: 30px;\n}\n<\/style>\n\t<\/div>\n\t\n\n\t<div id=\"text-2886585721\" class=\"text\">\n\t\t\n\n<p class=\"p1\">En este puesto, recibir\u00e1 orientaci\u00f3n y formaci\u00f3n en relaciones con los inversores, gobierno corporativo y cumplimiento normativo. Las oportunidades de desarrollo profesional incluyen talleres y certificaciones para avanzar en tu carrera en gobierno corporativo y gesti\u00f3n de grupos de inter\u00e9s.<\/p>\n\t\t\n<style>\n#text-2886585721 {\n  text-align: center;\n}\n<\/style>\n\t<\/div>\n\t\n\n\t\t<\/div>\n\t\t\t\t\n<style>\n#col-1108504257 > .col-inner {\n  margin: 0px 0px -40px 0px;\n}\n<\/style>\n\t<\/div>\n\n\t\n\n<\/div>\n\n\t\t<\/div>\n\t\t\t\t\t<\/div>\n\n\t\n\n<\/div>\n\n\t\t<\/div>\n\n\t\t\n<style>\n#section_1400074912 {\n  padding-top: 0px;\n  padding-bottom: 0px;\n}\n#section_1400074912 .section-bg-overlay {\n  background-color: rgb(247, 247, 247);\n}\n<\/style>\n\t<\/section>\n\t\n\n\t<section class=\"section\" id=\"section_959424391\">\n\t\t<div class=\"section-bg fill\" >\n\t\t\t\t\t\t\t\t\t\n\t\t\t\n\t<div class=\"is-border\"\n\t\tstyle=\"border-width:0px 0px 0px 0px;margin:0px 0px 0px 0px;\">\n\t<\/div>\n\n\t\t<\/div>\n\n\t\t\n\n\t\t<div class=\"section-content relative\">\n\t\t\t\n\n<div class=\"row align-middle align-center\"  id=\"row-1913945555\">\n\n\n\t<div id=\"col-1445790702\" class=\"col medium-10 small-12 large-8\"  data-animate=\"fadeInUp\">\n\t\t\t\t<div class=\"col-inner\"  >\n\t\t\t\n\t\t\t\n\n\t<div id=\"text-3192339454\" class=\"text\">\n\t\t\n\n<h2><strong>Disciplinas UBIS<\/strong><\/h2>\n\t\t\n<style>\n#text-3192339454 {\n  font-size: 1.5rem;\n  text-align: center;\n  color: #086037;\n}\n#text-3192339454 > * {\n  color: #086037;\n}\n<\/style>\n\t<\/div>\n\t\n<div class=\"is-divider divider clearfix\" style=\"max-width:6000px;height:2px;\"><\/div>\n\n\t<div id=\"text-3519947165\" class=\"text\">\n\t\t\n\n<p>La disciplina de Relaciones con los Inversores y Secretar\u00eda de la Empresa vela por que la UBIS mantenga la transparencia, la confianza y una s\u00f3lida gobernanza con sus accionistas y partes interesadas.<br \/>Abarca dos \u00e1mbitos principales:<\/p>\n\t\t\n<style>\n#text-3519947165 {\n  text-align: center;\n}\n<\/style>\n\t<\/div>\n\t\n\n\t\t<\/div>\n\t\t\t\t\n<style>\n#col-1445790702 > .col-inner {\n  margin: 0px 0px -30px 0px;\n}\n<\/style>\n\t<\/div>\n\n\t\n\n<\/div>\n<div class=\"row align-center\"  id=\"row-1101147542\">\n\n\n\t<div id=\"col-688516144\" class=\"col medium-4 small-12 large-4\"  data-animate=\"fadeInUp\">\n\t\t\t\t<div class=\"col-inner text-center\" style=\"background-color:rgba(59, 172, 119, 0.099);\" >\n\t\t\t\n\t\t\t\n\n\t<div id=\"gap-243577455\" class=\"gap-element clearfix\" style=\"display:block; height:auto;\">\n\t\t\n<style>\n#gap-243577455 {\n  padding-top: 20px;\n}\n<\/style>\n\t<\/div>\n\t\n\n\n\t\t<div class=\"icon-box featured-box icon-box-top text-left\"  >\n\t\t\t\t\t<div class=\"icon-box-img\" style=\"width: 106px\">\n\t\t\t\t<div class=\"icon\">\n\t\t\t\t\t<div class=\"icon-inner\" >\n\t\t\t\t\t\t<img decoding=\"async\" width=\"300\" height=\"300\" src=\"https:\/\/ubisasia.com\/wp-content\/uploads\/2025\/11\/Investor-Relations-300x300.png\" class=\"attachment-medium size-medium\" alt=\"\" srcset=\"https:\/\/ubisasia.com\/wp-content\/uploads\/2025\/11\/Investor-Relations-300x300.png 300w, https:\/\/ubisasia.com\/wp-content\/uploads\/2025\/11\/Investor-Relations-1024x1024.png 1024w, https:\/\/ubisasia.com\/wp-content\/uploads\/2025\/11\/Investor-Relations-150x150.png 150w, https:\/\/ubisasia.com\/wp-content\/uploads\/2025\/11\/Investor-Relations-768x768.png 768w, https:\/\/ubisasia.com\/wp-content\/uploads\/2025\/11\/Investor-Relations-247x247.png 247w, https:\/\/ubisasia.com\/wp-content\/uploads\/2025\/11\/Investor-Relations-510x510.png 510w, https:\/\/ubisasia.com\/wp-content\/uploads\/2025\/11\/Investor-Relations-100x100.png 100w, https:\/\/ubisasia.com\/wp-content\/uploads\/2025\/11\/Investor-Relations.png 1080w\" sizes=\"(max-width: 300px) 100vw, 300px\" \/>\t\t\t\t\t<\/div>\n\t\t\t\t<\/div>\n\t\t\t<\/div>\n\t\t\t\t<div class=\"icon-box-text last-reset\">\n\t\t\t\t\t\t\t\t\t\n\n\t<div id=\"text-1174642086\" class=\"text\">\n\t\t\n\n<h4 class=\"p1\"><strong>Relaciones con los inversores<\/strong><\/h4>\n\t\t\n<style>\n#text-1174642086 {\n  text-align: center;\n  color: #086037;\n}\n#text-1174642086 > * {\n  color: #086037;\n}\n<\/style>\n\t<\/div>\n\t\n\t<div id=\"gap-1955423834\" class=\"gap-element clearfix\" style=\"display:block; height:auto;\">\n\t\t\n<style>\n#gap-1955423834 {\n  padding-top: 10px;\n}\n<\/style>\n\t<\/div>\n\t\n\n\n\t\t<\/div>\n\t<\/div>\n\t\n\t\n<p class=\"p1\">Gestionar la comunicaci\u00f3n con los inversores y la comunidad financiera, facilitar informaci\u00f3n puntual y precisa y generar confianza en los resultados y la estrategia de la empresa.<\/p>\n\t<div id=\"gap-1058200399\" class=\"gap-element clearfix\" style=\"display:block; height:auto;\">\n\t\t\n<style>\n#gap-1058200399 {\n  padding-top: 20px;\n}\n<\/style>\n\t<\/div>\n\t\n\n\n\t\t<\/div>\n\t\t\t\t\n<style>\n#col-688516144 > .col-inner {\n  padding: 0px 10px 0px 10px;\n}\n<\/style>\n\t<\/div>\n\n\t\n\n\t<div id=\"col-297604180\" class=\"col medium-4 small-12 large-4\"  data-animate=\"fadeInUp\">\n\t\t\t\t<div class=\"col-inner text-center\" style=\"background-color:rgba(59, 172, 119, 0.099);\" >\n\t\t\t\n\t\t\t\n\n\t<div id=\"gap-737067051\" class=\"gap-element clearfix\" style=\"display:block; height:auto;\">\n\t\t\n<style>\n#gap-737067051 {\n  padding-top: 20px;\n}\n<\/style>\n\t<\/div>\n\t\n\n\n\t\t<div class=\"icon-box featured-box icon-box-top text-left\"  >\n\t\t\t\t\t<div class=\"icon-box-img\" style=\"width: 106px\">\n\t\t\t\t<div class=\"icon\">\n\t\t\t\t\t<div class=\"icon-inner\" >\n\t\t\t\t\t\t<img decoding=\"async\" width=\"300\" height=\"300\" src=\"https:\/\/ubisasia.com\/wp-content\/uploads\/2025\/11\/Company-Secretary-300x300.png\" class=\"attachment-medium size-medium\" alt=\"\" srcset=\"https:\/\/ubisasia.com\/wp-content\/uploads\/2025\/11\/Company-Secretary-300x300.png 300w, https:\/\/ubisasia.com\/wp-content\/uploads\/2025\/11\/Company-Secretary-1024x1024.png 1024w, https:\/\/ubisasia.com\/wp-content\/uploads\/2025\/11\/Company-Secretary-150x150.png 150w, https:\/\/ubisasia.com\/wp-content\/uploads\/2025\/11\/Company-Secretary-768x768.png 768w, https:\/\/ubisasia.com\/wp-content\/uploads\/2025\/11\/Company-Secretary-247x247.png 247w, https:\/\/ubisasia.com\/wp-content\/uploads\/2025\/11\/Company-Secretary-510x510.png 510w, https:\/\/ubisasia.com\/wp-content\/uploads\/2025\/11\/Company-Secretary-100x100.png 100w, https:\/\/ubisasia.com\/wp-content\/uploads\/2025\/11\/Company-Secretary.png 1080w\" sizes=\"(max-width: 300px) 100vw, 300px\" \/>\t\t\t\t\t<\/div>\n\t\t\t\t<\/div>\n\t\t\t<\/div>\n\t\t\t\t<div class=\"icon-box-text last-reset\">\n\t\t\t\t\t\t\t\t\t\n\n\t<div id=\"text-952769336\" class=\"text\">\n\t\t\n\n<h4 class=\"p1\"><strong>Secretario de empresa<\/strong><\/h4>\n\t\t\n<style>\n#text-952769336 {\n  text-align: center;\n  color: #086037;\n}\n#text-952769336 > * {\n  color: #086037;\n}\n<\/style>\n\t<\/div>\n\t\n\t<div id=\"gap-343109636\" class=\"gap-element clearfix\" style=\"display:block; height:auto;\">\n\t\t\n<style>\n#gap-343109636 {\n  padding-top: 10px;\n}\n<\/style>\n\t<\/div>\n\t\n\n\n\t\t<\/div>\n\t<\/div>\n\t\n\t\n<p class=\"p1\">Apoyar al Consejo de Administraci\u00f3n y a la direcci\u00f3n en el cumplimiento de las normas, la gobernanza y los requisitos reglamentarios, garantizando que las decisiones est\u00e9n bien documentadas y sean jur\u00eddicamente s\u00f3lidas.<\/p>\n\t<div id=\"gap-2134180285\" class=\"gap-element clearfix\" style=\"display:block; height:auto;\">\n\t\t\n<style>\n#gap-2134180285 {\n  padding-top: 20px;\n}\n<\/style>\n\t<\/div>\n\t\n\n\n\t\t<\/div>\n\t\t\t\t\n<style>\n#col-297604180 > .col-inner {\n  padding: 0px 10px 0px 10px;\n}\n<\/style>\n\t<\/div>\n\n\t\n\n<\/div>\n\n\t\t<\/div>\n\n\t\t\n<style>\n#section_959424391 {\n  padding-top: 0px;\n  padding-bottom: 0px;\n}\n@media (min-width:550px) {\n  #section_959424391 {\n    padding-top: 30px;\n    padding-bottom: 30px;\n  }\n}\n<\/style>\n\t<\/section>\n\t\n\n\n\t<section class=\"section\" id=\"section_936461182\">\n\t\t<div class=\"section-bg fill\" >\n\t\t\t<img decoding=\"async\" width=\"2560\" height=\"1920\" src=\"https:\/\/ubisasia.com\/wp-content\/uploads\/2025\/07\/S__33406994-scaled.jpg\" class=\"bg attachment-original size-original\" alt=\"\" \/>\t\t\t\t\t\t<div class=\"section-bg-overlay absolute fill\"><\/div>\n\t\t\t\n\n\t\t<\/div>\n\n\t\t\n\n\t\t<div class=\"section-content relative\">\n\t\t\t\n\n\n  <div class=\"banner has-hover\" id=\"banner-84331265\">\n          <div class=\"banner-inner fill\">\n        <div class=\"banner-bg fill\" >\n            <img decoding=\"async\" width=\"1020\" height=\"574\" src=\"https:\/\/ubisasia.com\/wp-content\/uploads\/2025\/11\/IMG_7426-2-1024x576.webp\" class=\"bg attachment-large size-large\" alt=\"\" \/>                        <div class=\"overlay\"><\/div>            \n                    <\/div>\n\t\t\n        <div class=\"banner-layers container\">\n            <div class=\"fill banner-link\"><\/div>            \n\n   <div id=\"text-box-849428353\" class=\"text-box banner-layer x85 md-x95 lg-x95 y50 md-y50 lg-y50 res-text\">\n                                <div class=\"text-box-content text\">\n              \n              <div class=\"text-inner text-center\">\n                  \n\n\t<div id=\"text-132730452\" class=\"text\">\n\t\t\n\n<h2 class=\"uppercase\"><strong>\u00daNETE A NUESTRA COMUNIDAD<\/strong><\/h2>\n\t\t\n<style>\n#text-132730452 {\n  text-align: center;\n  color: #086037;\n}\n#text-132730452 > * {\n  color: #086037;\n}\n<\/style>\n\t<\/div>\n\t\n\t<div id=\"text-1225935318\" class=\"text\">\n\t\t\n\n<h5>Su pr\u00f3xima gran oportunidad est\u00e1 a un solo clic<\/h5>\n\t\t\n<style>\n#text-1225935318 {\n  text-align: center;\n}\n<\/style>\n\t<\/div>\n\t\n<a data-animate=\"fadeInLeft\" href=\"https:\/\/www.linkedin.com\/company\/ubisasia\/?originalSubdomain=th\" target=\"_blank\" class=\"button primary\" rel=\"noopener\">\n\t\t<span>M\u00e1s informaci\u00f3n sobre UBIS en Linkedin<\/span>\n\t<\/a>\n\n\n\n              <\/div>\n           <\/div>\n                            \n<style>\n#text-box-849428353 {\n  width: 68%;\n}\n#text-box-849428353 .text-box-content {\n  font-size: 100%;\n}\n@media (min-width:550px) {\n  #text-box-849428353 {\n    width: 44%;\n  }\n}\n<\/style>\n    <\/div>\n \n   <div id=\"text-box-1503707935\" class=\"text-box banner-layer x5 md-x5 lg-x5 y50 md-y50 lg-y50 res-text\">\n                                <div class=\"text-box-content text dark\">\n              \n              <div class=\"text-inner text-center\">\n                  \n\n\t<div class=\"img has-hover hide-for-small x md-x lg-x y md-y lg-y\" id=\"image_1695904634\">\n\t\t\t\t\t\t\t\t<div class=\"img-inner image-fade-in dark\" >\n\t\t\t<img decoding=\"async\" width=\"1020\" height=\"574\" src=\"https:\/\/ubisasia.com\/wp-content\/uploads\/2025\/11\/IMG_7426-2-1024x576.webp\" class=\"attachment-large size-large\" alt=\"\" srcset=\"https:\/\/ubisasia.com\/wp-content\/uploads\/2025\/11\/IMG_7426-2-1024x576.webp 1024w, https:\/\/ubisasia.com\/wp-content\/uploads\/2025\/11\/IMG_7426-2-300x169.webp 300w, https:\/\/ubisasia.com\/wp-content\/uploads\/2025\/11\/IMG_7426-2-768x432.webp 768w, https:\/\/ubisasia.com\/wp-content\/uploads\/2025\/11\/IMG_7426-2-1536x864.webp 1536w, https:\/\/ubisasia.com\/wp-content\/uploads\/2025\/11\/IMG_7426-2-scaled.webp 2048w, https:\/\/ubisasia.com\/wp-content\/uploads\/2025\/11\/IMG_7426-2-510x287.webp 510w\" sizes=\"(max-width: 1020px) 100vw, 1020px\" \/>\t\t\t\t\t\t\n\t\t\t\t\t<\/div>\n\t\t\t\t\t\t\t\t\n<style>\n#image_1695904634 {\n  width: 100%;\n}\n<\/style>\n\t<\/div>\n\t\n\n\n              <\/div>\n           <\/div>\n                            \n<style>\n#text-box-1503707935 {\n  width: 41%;\n}\n#text-box-1503707935 .text-box-content {\n  font-size: 100%;\n}\n<\/style>\n    <\/div>\n \n\n        <\/div>\n      <\/div>\n\n            \n<style>\n#banner-84331265 {\n  padding-top: 300px;\n  background-color: rgb(255, 255, 255);\n}\n#banner-84331265 .overlay {\n  background-color: rgba(246, 246, 246, 0.901);\n}\n@media (min-width:550px) {\n  #banner-84331265 {\n    padding-top: 400px;\n  }\n}\n<\/style>\n  <\/div>\n\n\n\n\t\t<\/div>\n\n\t\t\n<style>\n#section_936461182 {\n  padding-top: 0px;\n  padding-bottom: 0px;\n}\n#section_936461182 .section-bg-overlay {\n  background-color: rgba(2, 104, 56, 0.878);\n}\n<\/style>\n\t<\/section>","protected":false},"excerpt":{"rendered":"","protected":false},"author":2,"featured_media":1340,"parent":44,"menu_order":0,"comment_status":"closed","ping_status":"closed","template":"page-blank.php","meta":{"footnotes":""},"class_list":["post-8047","page","type-page","status-publish","has-post-thumbnail","hentry"],"_links":{"self":[{"href":"https:\/\/ubisasia.com\/es\/wp-json\/wp\/v2\/pages\/8047","targetHints":{"allow":["GET"]}}],"collection":[{"href":"https:\/\/ubisasia.com\/es\/wp-json\/wp\/v2\/pages"}],"about":[{"href":"https:\/\/ubisasia.com\/es\/wp-json\/wp\/v2\/types\/page"}],"author":[{"embeddable":true,"href":"https:\/\/ubisasia.com\/es\/wp-json\/wp\/v2\/users\/2"}],"replies":[{"embeddable":true,"href":"https:\/\/ubisasia.com\/es\/wp-json\/wp\/v2\/comments?post=8047"}],"version-history":[{"count":9,"href":"https:\/\/ubisasia.com\/es\/wp-json\/wp\/v2\/pages\/8047\/revisions"}],"predecessor-version":[{"id":8259,"href":"https:\/\/ubisasia.com\/es\/wp-json\/wp\/v2\/pages\/8047\/revisions\/8259"}],"up":[{"embeddable":true,"href":"https:\/\/ubisasia.com\/es\/wp-json\/wp\/v2\/pages\/44"}],"wp:featuredmedia":[{"embeddable":true,"href":"https:\/\/ubisasia.com\/es\/wp-json\/wp\/v2\/media\/1340"}],"wp:attachment":[{"href":"https:\/\/ubisasia.com\/es\/wp-json\/wp\/v2\/media?parent=8047"}],"curies":[{"name":"wp","href":"https:\/\/api.w.org\/{rel}","templated":true}]}}