{"id":7918,"date":"2025-11-03T09:18:11","date_gmt":"2025-11-03T02:18:11","guid":{"rendered":"https:\/\/ubisasia.com\/?page_id=7918"},"modified":"2026-01-16T09:52:22","modified_gmt":"2026-01-16T02:52:22","slug":"centralized-standards","status":"publish","type":"page","link":"https:\/\/ubisasia.com\/es\/people\/centralized-standards\/","title":{"rendered":"Normas centralizadas"},"content":{"rendered":"<div class=\"banner has-hover\" id=\"banner-1733037593\">\n          <div class=\"banner-inner fill\">\n        <div class=\"banner-bg fill\" >\n            <img decoding=\"async\" width=\"1800\" height=\"600\" src=\"https:\/\/ubisasia.com\/wp-content\/uploads\/2025\/11\/centralized-standards.png\" class=\"bg attachment-original size-original\" alt=\"\" \/>                                    \n                    <\/div>\n\t\t\n        <div class=\"banner-layers container\">\n            <div class=\"fill banner-link\"><\/div>            \n\n   <div id=\"text-box-876039387\" class=\"text-box banner-layer x50 md-x90 lg-x90 y50 md-y65 lg-y65 res-text\">\n                                <div class=\"text-box-content text dark\">\n              \n              <div class=\"text-inner text-center\">\n                  \n\n\t<div id=\"text-211333009\" class=\"text\">\n\t\t\n\n<h2 class=\"p1\">Normas centralizadas<\/h2>\n<p class=\"p1\">Proteger a las personas, garantizar la excelencia<\/p>\n\t\t\n<style>\n#text-211333009 {\n  font-size: 1rem;\n  line-height: 1.1;\n  text-align: left;\n  color: rgb(0,0,0);\n}\n#text-211333009 > * {\n  color: rgb(0,0,0);\n}\n<\/style>\n\t<\/div>\n\t\n\n              <\/div>\n           <\/div>\n                            \n<style>\n#text-box-876039387 {\n  width: 80%;\n}\n#text-box-876039387 .text-box-content {\n  font-size: 100%;\n}\n@media (min-width:550px) {\n  #text-box-876039387 {\n    width: 40%;\n  }\n}\n<\/style>\n    <\/div>\n \n\n        <\/div>\n      <\/div>\n\n            \n<style>\n#banner-1733037593 {\n  padding-top: 400px;\n}\n#banner-1733037593 .banner-bg img {\n  object-position: 4% 46%;\n}\n@media (min-width:550px) {\n  #banner-1733037593 {\n    padding-top: 400px;\n  }\n}\n<\/style>\n  <\/div>\n\n\n\n\t<section class=\"section\" id=\"section_822370556\">\n\t\t<div class=\"section-bg fill\" >\n\t\t\t\t\t\t\t\t\t\n\t\t\t\n\n\t\t<\/div>\n\n\t\t\n\n\t\t<div class=\"section-content relative\">\n\t\t\t\n\n<div class=\"row align-center\"  id=\"row-1584543569\">\n\n\n\t<div id=\"col-1801571497\" class=\"col medium-10 small-12 large-12\"  data-animate=\"fadeInRight\">\n\t\t\t\t<div class=\"col-inner\"  >\n\t\t\t\n\t\t\t\n\n\t<div id=\"gap-1841459218\" class=\"gap-element clearfix 50\" style=\"display:block; height:auto;\">\n\t\t\n<style>\n#gap-1841459218 {\n  padding-top: 32px;\n}\n<\/style>\n\t<\/div>\n\t\n\n\t<div id=\"text-3801154746\" class=\"text\">\n\t\t\n\n<p><a href=\"\/es\/people\/\">Personas<\/a> | <strong>Normas centralizadas<\/strong><\/p>\n\t\t\n<style>\n#text-3801154746 {\n  color: #086037;\n}\n#text-3801154746 > * {\n  color: #086037;\n}\n<\/style>\n\t<\/div>\n\t\n\t<div id=\"text-478347004\" class=\"text\">\n\t\t\n\n<p><strong>En la UBIS,<\/strong> Nuestro equipo de Normas Centralizadas es el guardi\u00e1n de la seguridad, la sostenibilidad y la excelencia. Al liderar las \u00e1reas de Seguridad, Salud y Medio Ambiente (SHE), Cumplimiento Qu\u00edmico y Sistemas de Calidad (QS), este equipo garantiza que nuestro personal, nuestros productos y nuestros procesos cumplen las normas m\u00e1s estrictas, al tiempo que protegen tanto a nuestros empleados como al medio ambiente.<\/p>\n<p>Como socio de seguridad y cumplimiento, el equipo de Normas Centralizadas trabaja en estrecha colaboraci\u00f3n con Operaciones de F\u00e1brica, I+D y Cadena de Suministro para crear una cultura de responsabilidad y mejora continua. No solo salvaguardamos el cumplimiento, sino que tambi\u00e9n marcamos la direcci\u00f3n del crecimiento sostenible y el \u00e9xito a largo plazo.<\/p>\n\t\t\n<style>\n#text-478347004 {\n  text-align: left;\n}\n<\/style>\n\t<\/div>\n\t\n\n\t\t<\/div>\n\t\t\t\t\n<style>\n#col-1801571497 > .col-inner {\n  margin: 0px 0px -30px 0px;\n}\n<\/style>\n\t<\/div>\n\n\t\n\n<\/div>\n\n\t\t<\/div>\n\n\t\t\n<style>\n#section_822370556 {\n  padding-top: 0px;\n  padding-bottom: 0px;\n}\n<\/style>\n\t<\/section>\n\t\n\n\t<section class=\"section\" id=\"section_1008166861\">\n\t\t<div class=\"section-bg fill\" >\n\t\t\t\t\t\t\t\t\t\n\t\t\t\n\n\t\t<\/div>\n\n\t\t\n\n\t\t<div class=\"section-content relative\">\n\t\t\t\n\n<div class=\"row align-middle align-center\"  id=\"row-993768104\">\n\n\n\t<div id=\"col-1660982991\" class=\"col medium-5 small-12 large-6\"  data-animate=\"fadeInLeft\">\n\t\t\t\t<div class=\"col-inner\"  >\n\t\t\t\n\t\t\t\n\n\t<div id=\"ux-lottie-876169447\" class=\"ux-lottie\" >\n\t\t\t\t<lottie-player class=\"ux-lottie__player\" data-params=\"{&quot;src&quot;:&quot;https:\\\/\\\/ubisasia.com\\\/wp-content\\\/uploads\\\/2025\\\/11\\\/testing-ibis-1.json&quot;,&quot;loop&quot;:true,&quot;autoplay&quot;:true,&quot;controls&quot;:false,&quot;speed&quot;:&quot;1&quot;,&quot;direction&quot;:1,&quot;trigger&quot;:&quot;&quot;,&quot;mouseout&quot;:&quot;&quot;,&quot;start&quot;:0,&quot;end&quot;:100,&quot;scrollActionType&quot;:&quot;seek&quot;,&quot;visibilityStart&quot;:0,&quot;visibilityEnd&quot;:100,&quot;id&quot;:&quot;ux-lottie-876169447&quot;}\" ><\/lottie-player>\n\t\t\t\t\n<style>\n#ux-lottie-876169447 {\n  width: 100%;\n  height: 300px;\n}\n<\/style>\n\t<\/div>\n\t\n\n\n\t\t<\/div>\n\t\t\t\t\t<\/div>\n\n\t\n\n\t<div id=\"col-1419471285\" class=\"col medium-5 small-12 large-6\"  data-animate=\"bounceIn\">\n\t\t\t\t<div class=\"col-inner\"  >\n\t\t\t\n\t\t\t\n\n\t<div id=\"text-1769825551\" class=\"text\">\n\t\t\n\n<h3 class=\"p1\"><strong>Entre otras cosas, ser\u00e1 responsable de :<\/strong><\/h3>\n\t\t\n<style>\n#text-1769825551 {\n  color: #086037;\n}\n#text-1769825551 > * {\n  color: #086037;\n}\n<\/style>\n\t<\/div>\n\t\n<ul>\n<li>Garantizar entornos de trabajo seguros y saludables en todos los centros<\/li>\n<li>Dirigir iniciativas de sostenibilidad y cumplimiento de la normativa medioambiental<\/li>\n<li>Gesti\u00f3n del cumplimiento de la normativa mundial sobre productos qu\u00edmicos<\/li>\n<li>Dise\u00f1o y mantenimiento de sistemas y certificaciones de calidad<\/li>\n<li>Colaboraci\u00f3n con las unidades de negocio para impulsar las mejores pr\u00e1cticas en SHE y QS<\/li>\n<li>Fomento de una cultura proactiva de seguridad, responsabilidad y mejora continua<\/li>\n<\/ul>\n\n\t\t<\/div>\n\t\t\t\t\t<\/div>\n\n\t\n\n<\/div>\n\n\t\t<\/div>\n\n\t\t\n<style>\n#section_1008166861 {\n  padding-top: 30px;\n  padding-bottom: 30px;\n}\n<\/style>\n\t<\/section>\n\t\n\n\t<section class=\"section\" id=\"section_1354825160\">\n\t\t<div class=\"section-bg fill\" >\n\t\t\t\t\t\t\t\t\t<div class=\"section-bg-overlay absolute fill\"><\/div>\n\t\t\t\n\n\t\t<\/div>\n\n\t\t\n\n\t\t<div class=\"section-content relative\">\n\t\t\t\n\n<div class=\"row align-center\"  id=\"row-1075801880\">\n\n\n\t<div id=\"col-501731803\" class=\"col medium-10 small-12 large-10\"  >\n\t\t\t\t<div class=\"col-inner\"  >\n\t\t\t\n\t\t\t\n\n\t<div id=\"gap-1100466238\" class=\"gap-element clearfix\" style=\"display:block; height:auto;\">\n\t\t\n<style>\n#gap-1100466238 {\n  padding-top: 31px;\n}\n<\/style>\n\t<\/div>\n\t\n\n<div class=\"row align-center\"  id=\"row-1214365716\">\n\n\n\t<div id=\"col-1609963627\" class=\"col medium-8 small-12 large-8\"  data-animate=\"fadeInUp\">\n\t\t\t\t<div class=\"col-inner\"  >\n\t\t\t\n\t\t\t\n\n\t<div id=\"text-1301445417\" class=\"text\">\n\t\t\n\n<h2><strong><span class=\"brand-color-primary\">Crecimiento profesional<\/span><\/strong><\/h2>\n\t\t\n<style>\n#text-1301445417 {\n  font-size: 1.5rem;\n  text-align: center;\n  color: #086037;\n}\n#text-1301445417 > * {\n  color: #086037;\n}\n<\/style>\n\t<\/div>\n\t\n\n\t\t<\/div>\n\t\t\t\t\n<style>\n#col-1609963627 > .col-inner {\n  margin: 0px 0px -30px 0px;\n}\n<\/style>\n\t<\/div>\n\n\t\n\n<\/div>\n<div class=\"row align-center\"  id=\"row-809009630\">\n\n\n\t<div id=\"col-488465682\" class=\"col small-12 large-12\"  data-animate=\"fadeInUp\">\n\t\t\t\t<div class=\"col-inner\"  >\n\t\t\t\n\t\t\t\n\n\t<div id=\"gap-559843166\" class=\"gap-element clearfix\" style=\"display:block; height:auto;\">\n\t\t\n<style>\n#gap-559843166 {\n  padding-top: 30px;\n}\n<\/style>\n\t<\/div>\n\t\n\n\t<div id=\"ux-lottie-2870335114\" class=\"ux-lottie\" >\n\t\t\t\t<lottie-player class=\"ux-lottie__player\" data-params=\"{&quot;src&quot;:&quot;https:\\\/\\\/ubisasia.com\\\/wp-content\\\/uploads\\\/2025\\\/11\\\/career-growth-2-2.json&quot;,&quot;loop&quot;:true,&quot;autoplay&quot;:true,&quot;controls&quot;:false,&quot;speed&quot;:&quot;1&quot;,&quot;direction&quot;:1,&quot;trigger&quot;:&quot;&quot;,&quot;mouseout&quot;:&quot;&quot;,&quot;start&quot;:0,&quot;end&quot;:100,&quot;scrollActionType&quot;:&quot;seek&quot;,&quot;visibilityStart&quot;:0,&quot;visibilityEnd&quot;:100,&quot;id&quot;:&quot;ux-lottie-2870335114&quot;}\" ><\/lottie-player>\n\t\t\t\t\n<style>\n#ux-lottie-2870335114 {\n  width: 100%;\n  height: 150px;\n}\n<\/style>\n\t<\/div>\n\t\n\n\t<div id=\"gap-1259886081\" class=\"gap-element clearfix\" style=\"display:block; height:auto;\">\n\t\t\n<style>\n#gap-1259886081 {\n  padding-top: 30px;\n}\n<\/style>\n\t<\/div>\n\t\n\n\t<div id=\"text-4215958732\" class=\"text\">\n\t\t\n\n<p>Cuando se una a Centralized Standards, asumir\u00e1 un papel que se ajuste a su experiencia, a la vez que le preparar\u00e1 para su siguiente paso mediante planes de desarrollo personalizados. Tendr\u00e1 acceso a formaci\u00f3n y certificaciones relacionadas con SHE, conformidad qu\u00edmica y gesti\u00f3n de la calidad, que le preparar\u00e1n para convertirse en un futuro l\u00edder en normas operativas.<\/p>\n\t\t\n<style>\n#text-4215958732 {\n  text-align: center;\n}\n<\/style>\n\t<\/div>\n\t\n\n\t\t<\/div>\n\t\t\t\t\n<style>\n#col-488465682 > .col-inner {\n  margin: 0px 0px -40px 0px;\n}\n<\/style>\n\t<\/div>\n\n\t\n\n<\/div>\n\n\t\t<\/div>\n\t\t\t\t\t<\/div>\n\n\t\n\n<\/div>\n\n\t\t<\/div>\n\n\t\t\n<style>\n#section_1354825160 {\n  padding-top: 0px;\n  padding-bottom: 0px;\n}\n#section_1354825160 .section-bg-overlay {\n  background-color: rgb(247, 247, 247);\n}\n<\/style>\n\t<\/section>\n\t\n\n\t<section class=\"section\" id=\"section_1105868893\">\n\t\t<div class=\"section-bg fill\" >\n\t\t\t\t\t\t\t\t\t\n\t\t\t\n\t<div class=\"is-border\"\n\t\tstyle=\"border-width:0px 0px 0px 0px;margin:0px 0px 0px 0px;\">\n\t<\/div>\n\n\t\t<\/div>\n\n\t\t\n\n\t\t<div class=\"section-content relative\">\n\t\t\t\n\n<div class=\"row align-middle align-center\"  id=\"row-1729496506\">\n\n\n\t<div id=\"col-184022579\" class=\"col medium-10 small-12 large-8\"  data-animate=\"fadeInUp\">\n\t\t\t\t<div class=\"col-inner\"  >\n\t\t\t\n\t\t\t\n\n\t<div id=\"text-3169622324\" class=\"text\">\n\t\t\n\n<h2><strong>Disciplinas UBIS<\/strong><\/h2>\n\t\t\n<style>\n#text-3169622324 {\n  font-size: 1.5rem;\n  text-align: center;\n  color: #086037;\n}\n#text-3169622324 > * {\n  color: #086037;\n}\n<\/style>\n\t<\/div>\n\t\n<div class=\"is-divider divider clearfix\" style=\"max-width:6000px;height:2px;\"><\/div>\n\n\t<div id=\"text-1320715949\" class=\"text\">\n\t\t\n\n<p class=\"p1\">La disciplina de Normas Centralizadas vela por que la UBIS opere de forma segura, responsable y en pleno cumplimiento de la normativa.<\/p>\n<p class=\"p1\"><strong>Abarca tres \u00e1mbitos fundamentales:<\/strong><\/p>\n\t\t\n<style>\n#text-1320715949 {\n  text-align: center;\n}\n<\/style>\n\t<\/div>\n\t\n\n\t\t<\/div>\n\t\t\t\t\n<style>\n#col-184022579 > .col-inner {\n  margin: 0px 0px -30px 0px;\n}\n<\/style>\n\t<\/div>\n\n\t\n\n<\/div>\n<div class=\"row\"  id=\"row-1472583895\">\n\n\n\t<div id=\"col-497300348\" class=\"col medium-4 small-12 large-4\"  data-animate=\"fadeInUp\">\n\t\t\t\t<div class=\"col-inner text-center\" style=\"background-color:rgba(59, 172, 119, 0.099);\" >\n\t\t\t\n\t\t\t\n\n\n\t\t<div class=\"icon-box featured-box icon-box-top text-left\"  >\n\t\t\t\t\t<div class=\"icon-box-img\" style=\"width: 106px\">\n\t\t\t\t<div class=\"icon\">\n\t\t\t\t\t<div class=\"icon-inner\" >\n\t\t\t\t\t\t<img decoding=\"async\" width=\"300\" height=\"300\" src=\"https:\/\/ubisasia.com\/wp-content\/uploads\/2025\/11\/5-300x300.png\" class=\"attachment-medium size-medium\" alt=\"\" srcset=\"https:\/\/ubisasia.com\/wp-content\/uploads\/2025\/11\/5-300x300.png 300w, https:\/\/ubisasia.com\/wp-content\/uploads\/2025\/11\/5-1024x1024.png 1024w, https:\/\/ubisasia.com\/wp-content\/uploads\/2025\/11\/5-150x150.png 150w, https:\/\/ubisasia.com\/wp-content\/uploads\/2025\/11\/5-768x768.png 768w, https:\/\/ubisasia.com\/wp-content\/uploads\/2025\/11\/5-247x247.png 247w, https:\/\/ubisasia.com\/wp-content\/uploads\/2025\/11\/5-510x510.png 510w, https:\/\/ubisasia.com\/wp-content\/uploads\/2025\/11\/5-100x100.png 100w, https:\/\/ubisasia.com\/wp-content\/uploads\/2025\/11\/5.png 1080w\" sizes=\"(max-width: 300px) 100vw, 300px\" \/>\t\t\t\t\t<\/div>\n\t\t\t\t<\/div>\n\t\t\t<\/div>\n\t\t\t\t<div class=\"icon-box-text last-reset\">\n\t\t\t\t\t\t\t\t\t\n\n\t<div id=\"text-2848093311\" class=\"text\">\n\t\t\n\n<h4 class=\"p1\"><strong>Seguridad, Salud y Medio Ambiente<\/strong><\/h4>\n\t\t\n<style>\n#text-2848093311 {\n  text-align: center;\n  color: #086037;\n}\n#text-2848093311 > * {\n  color: #086037;\n}\n<\/style>\n\t<\/div>\n\t\n\t<div id=\"gap-1226236021\" class=\"gap-element clearfix\" style=\"display:block; height:auto;\">\n\t\t\n<style>\n#gap-1226236021 {\n  padding-top: 10px;\n}\n<\/style>\n\t<\/div>\n\t\n\n\n\t\t<\/div>\n\t<\/div>\n\t\n\t\n<p class=\"p1\">Desarrollo y mantenimiento de pr\u00e1cticas laborales seguras, gesti\u00f3n medioambiental y programas que protejan a nuestros empleados y a las comunidades en las que operamos.<\/p>\n\t<div id=\"gap-256417398\" class=\"gap-element clearfix\" style=\"display:block; height:auto;\">\n\t\t\n<style>\n#gap-256417398 {\n  padding-top: 20px;\n}\n<\/style>\n\t<\/div>\n\t\n\n\n\t\t<\/div>\n\t\t\t\t\n<style>\n#col-497300348 > .col-inner {\n  padding: 0px 10px 0px 10px;\n}\n<\/style>\n\t<\/div>\n\n\t\n\n\t<div id=\"col-1824657538\" class=\"col medium-4 small-12 large-4\"  data-animate=\"fadeInUp\">\n\t\t\t\t<div class=\"col-inner text-center\" style=\"background-color:rgba(59, 172, 119, 0.099);\" >\n\t\t\t\n\t\t\t\n\n\n\t\t<div class=\"icon-box featured-box icon-box-top text-left\"  >\n\t\t\t\t\t<div class=\"icon-box-img\" style=\"width: 106px\">\n\t\t\t\t<div class=\"icon\">\n\t\t\t\t\t<div class=\"icon-inner\" >\n\t\t\t\t\t\t<img decoding=\"async\" width=\"300\" height=\"300\" src=\"https:\/\/ubisasia.com\/wp-content\/uploads\/2025\/11\/6-300x300.png\" class=\"attachment-medium size-medium\" alt=\"\" srcset=\"https:\/\/ubisasia.com\/wp-content\/uploads\/2025\/11\/6-300x300.png 300w, https:\/\/ubisasia.com\/wp-content\/uploads\/2025\/11\/6-1024x1024.png 1024w, https:\/\/ubisasia.com\/wp-content\/uploads\/2025\/11\/6-150x150.png 150w, https:\/\/ubisasia.com\/wp-content\/uploads\/2025\/11\/6-768x768.png 768w, https:\/\/ubisasia.com\/wp-content\/uploads\/2025\/11\/6-247x247.png 247w, https:\/\/ubisasia.com\/wp-content\/uploads\/2025\/11\/6-510x510.png 510w, https:\/\/ubisasia.com\/wp-content\/uploads\/2025\/11\/6-100x100.png 100w, https:\/\/ubisasia.com\/wp-content\/uploads\/2025\/11\/6.png 1080w\" sizes=\"(max-width: 300px) 100vw, 300px\" \/>\t\t\t\t\t<\/div>\n\t\t\t\t<\/div>\n\t\t\t<\/div>\n\t\t\t\t<div class=\"icon-box-text last-reset\">\n\t\t\t\t\t\t\t\t\t\n\n\t<div id=\"text-1100008816\" class=\"text\">\n\t\t\n\n<h4 class=\"p1\"><strong>Conformidad qu\u00edmica<\/strong><\/h4>\n\t\t\n<style>\n#text-1100008816 {\n  text-align: center;\n  color: #086037;\n}\n#text-1100008816 > * {\n  color: #086037;\n}\n<\/style>\n\t<\/div>\n\t\n\t<div id=\"gap-955582524\" class=\"gap-element clearfix\" style=\"display:block; height:auto;\">\n\t\t\n<style>\n#gap-955582524 {\n  padding-top: 10px;\n}\n<\/style>\n\t<\/div>\n\t\n\n\n\t\t<\/div>\n\t<\/div>\n\t\n\t\n<p class=\"p1\">Gestionar el uso de productos qu\u00edmicos de acuerdo con la normativa mundial y local, garantizando una manipulaci\u00f3n, almacenamiento y eliminaci\u00f3n seguros, al tiempo que se minimiza el impacto medioambiental.<\/p>\n\t<div id=\"gap-755422574\" class=\"gap-element clearfix\" style=\"display:block; height:auto;\">\n\t\t\n<style>\n#gap-755422574 {\n  padding-top: 20px;\n}\n<\/style>\n\t<\/div>\n\t\n\n\n\t\t<\/div>\n\t\t\t\t\n<style>\n#col-1824657538 > .col-inner {\n  padding: 0px 10px 0px 10px;\n}\n<\/style>\n\t<\/div>\n\n\t\n\n\t<div id=\"col-2009130298\" class=\"col medium-4 small-12 large-4\"  data-animate=\"fadeInUp\">\n\t\t\t\t<div class=\"col-inner text-center\" style=\"background-color:rgba(59, 172, 119, 0.099);\" >\n\t\t\t\n\t\t\t\n\n\n\t\t<div class=\"icon-box featured-box icon-box-top text-left\"  >\n\t\t\t\t\t<div class=\"icon-box-img\" style=\"width: 106px\">\n\t\t\t\t<div class=\"icon\">\n\t\t\t\t\t<div class=\"icon-inner\" >\n\t\t\t\t\t\t<img decoding=\"async\" width=\"300\" height=\"300\" src=\"https:\/\/ubisasia.com\/wp-content\/uploads\/2025\/11\/7-300x300.png\" class=\"attachment-medium size-medium\" alt=\"\" srcset=\"https:\/\/ubisasia.com\/wp-content\/uploads\/2025\/11\/7-300x300.png 300w, https:\/\/ubisasia.com\/wp-content\/uploads\/2025\/11\/7-1024x1024.png 1024w, https:\/\/ubisasia.com\/wp-content\/uploads\/2025\/11\/7-150x150.png 150w, https:\/\/ubisasia.com\/wp-content\/uploads\/2025\/11\/7-768x768.png 768w, https:\/\/ubisasia.com\/wp-content\/uploads\/2025\/11\/7-247x247.png 247w, https:\/\/ubisasia.com\/wp-content\/uploads\/2025\/11\/7-510x510.png 510w, https:\/\/ubisasia.com\/wp-content\/uploads\/2025\/11\/7-100x100.png 100w, https:\/\/ubisasia.com\/wp-content\/uploads\/2025\/11\/7.png 1080w\" sizes=\"(max-width: 300px) 100vw, 300px\" \/>\t\t\t\t\t<\/div>\n\t\t\t\t<\/div>\n\t\t\t<\/div>\n\t\t\t\t<div class=\"icon-box-text last-reset\">\n\t\t\t\t\t\t\t\t\t\n\n\t<div id=\"text-1601699251\" class=\"text\">\n\t\t\n\n<h4 class=\"p1\"><strong>Sistemas de calidad<\/strong><\/h4>\n\t\t\n<style>\n#text-1601699251 {\n  text-align: center;\n  color: #086037;\n}\n#text-1601699251 > * {\n  color: #086037;\n}\n<\/style>\n\t<\/div>\n\t\n\t<div id=\"gap-158409236\" class=\"gap-element clearfix\" style=\"display:block; height:auto;\">\n\t\t\n<style>\n#gap-158409236 {\n  padding-top: 10px;\n}\n<\/style>\n\t<\/div>\n\t\n\n\n\t\t<\/div>\n\t<\/div>\n\t\n\t\n<p class=\"p1\">Establecer y mantener rigurosos sistemas de gesti\u00f3n de la calidad, auditor\u00edas y certificaciones para garantizar que todos los productos cumplen las normas m\u00e1s estrictas.<\/p>\n\t<div id=\"gap-2092470676\" class=\"gap-element clearfix\" style=\"display:block; height:auto;\">\n\t\t\n<style>\n#gap-2092470676 {\n  padding-top: 20px;\n}\n<\/style>\n\t<\/div>\n\t\n\n\n\t\t<\/div>\n\t\t\t\t\n<style>\n#col-2009130298 > .col-inner {\n  padding: 0px 10px 0px 10px;\n}\n<\/style>\n\t<\/div>\n\n\t\n\n<\/div>\n\n\t\t<\/div>\n\n\t\t\n<style>\n#section_1105868893 {\n  padding-top: 0px;\n  padding-bottom: 0px;\n}\n@media (min-width:550px) {\n  #section_1105868893 {\n    padding-top: 30px;\n    padding-bottom: 30px;\n  }\n}\n<\/style>\n\t<\/section>\n\t\n\n\n\t<section class=\"section\" id=\"section_237369080\">\n\t\t<div class=\"section-bg fill\" >\n\t\t\t<img decoding=\"async\" width=\"2560\" height=\"1920\" src=\"https:\/\/ubisasia.com\/wp-content\/uploads\/2025\/07\/S__33406994-scaled.jpg\" class=\"bg attachment-original size-original\" alt=\"\" \/>\t\t\t\t\t\t<div class=\"section-bg-overlay absolute fill\"><\/div>\n\t\t\t\n\n\t\t<\/div>\n\n\t\t\n\n\t\t<div class=\"section-content relative\">\n\t\t\t\n\n\n  <div class=\"banner has-hover\" id=\"banner-1542205151\">\n          <div class=\"banner-inner fill\">\n        <div class=\"banner-bg fill\" >\n            <img decoding=\"async\" width=\"1020\" height=\"574\" src=\"https:\/\/ubisasia.com\/wp-content\/uploads\/2025\/11\/IMG_7426-2-1024x576.webp\" class=\"bg attachment-large size-large\" alt=\"\" \/>                        <div class=\"overlay\"><\/div>            \n                    <\/div>\n\t\t\n        <div class=\"banner-layers container\">\n            <div class=\"fill banner-link\"><\/div>            \n\n   <div id=\"text-box-1775941235\" class=\"text-box banner-layer x85 md-x95 lg-x95 y50 md-y50 lg-y50 res-text\">\n                                <div class=\"text-box-content text\">\n              \n              <div class=\"text-inner text-center\">\n                  \n\n\t<div id=\"text-2517973137\" class=\"text\">\n\t\t\n\n<h2 class=\"uppercase\"><strong>\u00daNETE A NUESTRA COMUNIDAD<\/strong><\/h2>\n\t\t\n<style>\n#text-2517973137 {\n  text-align: center;\n  color: #086037;\n}\n#text-2517973137 > * {\n  color: #086037;\n}\n<\/style>\n\t<\/div>\n\t\n\t<div id=\"text-2329830059\" class=\"text\">\n\t\t\n\n<h5>Su pr\u00f3xima gran oportunidad est\u00e1 a un solo clic<\/h5>\n\t\t\n<style>\n#text-2329830059 {\n  text-align: center;\n}\n<\/style>\n\t<\/div>\n\t\n<a data-animate=\"fadeInLeft\" href=\"https:\/\/www.linkedin.com\/company\/ubisasia\/?originalSubdomain=th\" target=\"_blank\" class=\"button primary\" rel=\"noopener\">\n\t\t<span>M\u00e1s informaci\u00f3n sobre UBIS en Linkedin<\/span>\n\t<\/a>\n\n\n\n              <\/div>\n           <\/div>\n                            \n<style>\n#text-box-1775941235 {\n  width: 68%;\n}\n#text-box-1775941235 .text-box-content {\n  font-size: 100%;\n}\n@media (min-width:550px) {\n  #text-box-1775941235 {\n    width: 44%;\n  }\n}\n<\/style>\n    <\/div>\n \n   <div id=\"text-box-554725161\" class=\"text-box banner-layer x5 md-x5 lg-x5 y50 md-y50 lg-y50 res-text\">\n                                <div class=\"text-box-content text dark\">\n              \n              <div class=\"text-inner text-center\">\n                  \n\n\t<div class=\"img has-hover hide-for-small x md-x lg-x y md-y lg-y\" id=\"image_1167070722\">\n\t\t\t\t\t\t\t\t<div class=\"img-inner image-fade-in dark\" >\n\t\t\t<img decoding=\"async\" width=\"1020\" height=\"574\" src=\"https:\/\/ubisasia.com\/wp-content\/uploads\/2025\/11\/IMG_7426-2-1024x576.webp\" class=\"attachment-large size-large\" alt=\"\" srcset=\"https:\/\/ubisasia.com\/wp-content\/uploads\/2025\/11\/IMG_7426-2-1024x576.webp 1024w, https:\/\/ubisasia.com\/wp-content\/uploads\/2025\/11\/IMG_7426-2-300x169.webp 300w, https:\/\/ubisasia.com\/wp-content\/uploads\/2025\/11\/IMG_7426-2-768x432.webp 768w, https:\/\/ubisasia.com\/wp-content\/uploads\/2025\/11\/IMG_7426-2-1536x864.webp 1536w, https:\/\/ubisasia.com\/wp-content\/uploads\/2025\/11\/IMG_7426-2-scaled.webp 2048w, https:\/\/ubisasia.com\/wp-content\/uploads\/2025\/11\/IMG_7426-2-510x287.webp 510w\" sizes=\"(max-width: 1020px) 100vw, 1020px\" \/>\t\t\t\t\t\t\n\t\t\t\t\t<\/div>\n\t\t\t\t\t\t\t\t\n<style>\n#image_1167070722 {\n  width: 100%;\n}\n<\/style>\n\t<\/div>\n\t\n\n\n              <\/div>\n           <\/div>\n                            \n<style>\n#text-box-554725161 {\n  width: 41%;\n}\n#text-box-554725161 .text-box-content {\n  font-size: 100%;\n}\n<\/style>\n    <\/div>\n \n\n        <\/div>\n      <\/div>\n\n            \n<style>\n#banner-1542205151 {\n  padding-top: 300px;\n  background-color: rgb(255, 255, 255);\n}\n#banner-1542205151 .overlay {\n  background-color: rgba(246, 246, 246, 0.901);\n}\n@media (min-width:550px) {\n  #banner-1542205151 {\n    padding-top: 400px;\n  }\n}\n<\/style>\n  <\/div>\n\n\n\n\t\t<\/div>\n\n\t\t\n<style>\n#section_237369080 {\n  padding-top: 0px;\n  padding-bottom: 0px;\n}\n#section_237369080 .section-bg-overlay {\n  background-color: rgba(2, 104, 56, 0.878);\n}\n<\/style>\n\t<\/section>","protected":false},"excerpt":{"rendered":"","protected":false},"author":2,"featured_media":1340,"parent":44,"menu_order":0,"comment_status":"closed","ping_status":"closed","template":"page-blank.php","meta":{"footnotes":""},"class_list":["post-7918","page","type-page","status-publish","has-post-thumbnail","hentry"],"_links":{"self":[{"href":"https:\/\/ubisasia.com\/es\/wp-json\/wp\/v2\/pages\/7918","targetHints":{"allow":["GET"]}}],"collection":[{"href":"https:\/\/ubisasia.com\/es\/wp-json\/wp\/v2\/pages"}],"about":[{"href":"https:\/\/ubisasia.com\/es\/wp-json\/wp\/v2\/types\/page"}],"author":[{"embeddable":true,"href":"https:\/\/ubisasia.com\/es\/wp-json\/wp\/v2\/users\/2"}],"replies":[{"embeddable":true,"href":"https:\/\/ubisasia.com\/es\/wp-json\/wp\/v2\/comments?post=7918"}],"version-history":[{"count":28,"href":"https:\/\/ubisasia.com\/es\/wp-json\/wp\/v2\/pages\/7918\/revisions"}],"predecessor-version":[{"id":8194,"href":"https:\/\/ubisasia.com\/es\/wp-json\/wp\/v2\/pages\/7918\/revisions\/8194"}],"up":[{"embeddable":true,"href":"https:\/\/ubisasia.com\/es\/wp-json\/wp\/v2\/pages\/44"}],"wp:featuredmedia":[{"embeddable":true,"href":"https:\/\/ubisasia.com\/es\/wp-json\/wp\/v2\/media\/1340"}],"wp:attachment":[{"href":"https:\/\/ubisasia.com\/es\/wp-json\/wp\/v2\/media?parent=7918"}],"curies":[{"name":"wp","href":"https:\/\/api.w.org\/{rel}","templated":true}]}}